{"id":2816,"date":"2017-10-23T22:13:05","date_gmt":"2017-10-23T20:13:05","guid":{"rendered":"https:\/\/aere-egke.be\/het-expertencomite\/"},"modified":"2026-04-17T14:35:56","modified_gmt":"2026-04-17T12:35:56","slug":"de-raad-van-de-egke","status":"publish","type":"page","link":"https:\/\/aere-egke.be\/nl\/wie-zijn-wij\/de-raad-van-de-egke\/","title":{"rendered":"De Raad"},"content":{"rendered":"<ul>\n<li><b>Bestuur<\/b><br \/>\n<table border=\"0\" width=\"100%\" cellspacing=\"0\" cellpadding=\"0\">\n<tbody>\n<tr>\n<td width=\"200\"><strong>Voorzitter<br \/>\n<\/strong><\/td>\n<td>Gilles CAPART<\/td>\n<\/tr>\n<tr>\n<td><strong>Directeurs<\/strong><\/td>\n<td>Alain DELATTRE<\/td>\n<\/tr>\n<tr>\n<td><\/td>\n<td>Ren\u00e9 PREYS<\/td>\n<\/tr>\n<tr>\n<td><strong>Penningmeester<\/strong><\/td>\n<td><\/td>\n<\/tr>\n<tr>\n<td><strong>Secretaris<\/strong><\/td>\n<td>Alain MARTIN<\/td>\n<\/tr>\n<tr>\n<td><strong>Executive secretary<\/strong><\/td>\n<td>Athena VAN DER PERRE<\/td>\n<\/tr>\n<\/tbody>\n<\/table>\n<p>&nbsp;<\/p>\n<p>&nbsp;<\/p>\n<table border=\"0\" width=\"100%\" cellspacing=\"0\" cellpadding=\"0\">\n<tbody>\n<tr>\n<td width=\"200\"><strong>Leden<br \/>\n<\/strong><\/td>\n<td>Laurent BAVAY<\/td>\n<\/tr>\n<tr>\n<td><\/td>\n<td><\/td>\n<\/tr>\n<tr>\n<td><\/td>\n<td>Eric GUBEL<\/td>\n<\/tr>\n<tr>\n<td><\/td>\n<td>Denyse HOM\u00c8S-FREDERICQ<\/td>\n<\/tr>\n<tr>\n<td><\/td>\n<td>Fran\u00e7oise LABRIQUE<\/td>\n<\/tr>\n<tr>\n<td><\/td>\n<td><\/td>\n<\/tr>\n<tr>\n<td><\/td>\n<td>Marie-H\u00e9l\u00e8ne MARGANNE<\/td>\n<\/tr>\n<tr>\n<td><\/td>\n<td>Katelijn VANDORPE<\/td>\n<\/tr>\n<tr>\n<td><\/td>\n<td>Harco WILLEMS<\/td>\n<\/tr>\n<tr>\n<td><\/td>\n<td>Jean WINAND<\/td>\n<\/tr>\n<\/tbody>\n<\/table>\n<\/li>\n<\/ul>\n<p><strong>Jaarverslagen<\/strong><\/p>\n<ul>\n<li><a href=\"https:\/\/aere-egke.be\/wp-content\/uploads\/2025\/09\/Jaarverslag-AERE-2024.pdf\">Jaarverslag AERE 2024<\/a><\/li>\n<\/ul>\n","protected":false},"excerpt":{"rendered":"<p>Bestuur Voorzitter Gilles CAPART Directeurs Alain DELATTRE Ren\u00e9 PREYS Penningmeester Secretaris Alain MARTIN Executive secretary Athena VAN DER PERRE &nbsp; &nbsp; Leden Laurent BAVAY Eric GUBEL Denyse HOM\u00c8S-FREDERICQ Fran\u00e7oise LABRIQUE Marie-H\u00e9l\u00e8ne MARGANNE Katelijn VANDORPE Harco WILLEMS Jean WINAND Jaarverslagen Jaarverslag AERE 2024<\/p>\n","protected":false},"author":3,"featured_media":0,"parent":2771,"menu_order":1,"comment_status":"closed","ping_status":"closed","template":"subpage.php","meta":{"_acf_changed":false,"footnotes":""},"class_list":["post-2816","page","type-page","status-publish","hentry"],"acf":[],"yoast_head":"<!-- This site is optimized with the Yoast SEO plugin v27.5 - https:\/\/yoast.com\/product\/yoast-seo-wordpress\/ -->\n<title>De Raad - AERE - EGKE<\/title>\n<meta name=\"description\" content=\"Ontdek de leden van de Raad van de Egyptologische Genootschap Koningin Elisabeth en hun inzet voor de Belgische egyptologie.\" \/>\n<meta name=\"robots\" content=\"index, follow, max-snippet:-1, max-image-preview:large, max-video-preview:-1\" \/>\n<link rel=\"canonical\" href=\"https:\/\/aere-egke.be\/nl\/wie-zijn-wij\/de-raad-van-de-egke\/\" \/>\n<meta property=\"og:locale\" content=\"nl_NL\" \/>\n<meta property=\"og:type\" content=\"article\" \/>\n<meta property=\"og:title\" content=\"De Raad - AERE - EGKE\" \/>\n<meta property=\"og:description\" content=\"Ontdek de leden van de Raad van de Egyptologische Genootschap Koningin Elisabeth en hun inzet voor de Belgische egyptologie.\" \/>\n<meta property=\"og:url\" content=\"https:\/\/aere-egke.be\/nl\/wie-zijn-wij\/de-raad-van-de-egke\/\" \/>\n<meta property=\"og:site_name\" content=\"AERE - EGKE\" \/>\n<meta property=\"article:modified_time\" content=\"2026-04-17T12:35:56+00:00\" \/>\n<meta name=\"twitter:card\" content=\"summary_large_image\" \/>\n<meta name=\"twitter:label1\" content=\"Geschatte leestijd\" \/>\n\t<meta name=\"twitter:data1\" content=\"1 minuut\" \/>\n<script type=\"application\/ld+json\" class=\"yoast-schema-graph\">{\"@context\":\"https:\\\/\\\/schema.org\",\"@graph\":[{\"@type\":\"WebPage\",\"@id\":\"https:\\\/\\\/aere-egke.be\\\/nl\\\/wie-zijn-wij\\\/de-raad-van-de-egke\\\/\",\"url\":\"https:\\\/\\\/aere-egke.be\\\/nl\\\/wie-zijn-wij\\\/de-raad-van-de-egke\\\/\",\"name\":\"De Raad - AERE - EGKE\",\"isPartOf\":{\"@id\":\"https:\\\/\\\/aere-egke.be\\\/nl\\\/#website\"},\"datePublished\":\"2017-10-23T20:13:05+00:00\",\"dateModified\":\"2026-04-17T12:35:56+00:00\",\"description\":\"Ontdek de leden van de Raad van de Egyptologische Genootschap Koningin Elisabeth en hun inzet voor de Belgische egyptologie.\",\"breadcrumb\":{\"@id\":\"https:\\\/\\\/aere-egke.be\\\/nl\\\/wie-zijn-wij\\\/de-raad-van-de-egke\\\/#breadcrumb\"},\"inLanguage\":\"nl-NL\",\"potentialAction\":[{\"@type\":\"ReadAction\",\"target\":[\"https:\\\/\\\/aere-egke.be\\\/nl\\\/wie-zijn-wij\\\/de-raad-van-de-egke\\\/\"]}]},{\"@type\":\"BreadcrumbList\",\"@id\":\"https:\\\/\\\/aere-egke.be\\\/nl\\\/wie-zijn-wij\\\/de-raad-van-de-egke\\\/#breadcrumb\",\"itemListElement\":[{\"@type\":\"ListItem\",\"position\":1,\"name\":\"Accueil\",\"item\":\"https:\\\/\\\/aere-egke.be\\\/nl\\\/\"},{\"@type\":\"ListItem\",\"position\":2,\"name\":\"Wie zijn wij\",\"item\":\"https:\\\/\\\/aere-egke.be\\\/nl\\\/wie-zijn-wij\\\/\"},{\"@type\":\"ListItem\",\"position\":3,\"name\":\"De Raad\"}]},{\"@type\":\"WebSite\",\"@id\":\"https:\\\/\\\/aere-egke.be\\\/nl\\\/#website\",\"url\":\"https:\\\/\\\/aere-egke.be\\\/nl\\\/\",\"name\":\"AERE - EGKE\",\"description\":\"Promouvoir la recherche \u00e9gyptologique et papyrologique en Belgique.\",\"publisher\":{\"@id\":\"https:\\\/\\\/aere-egke.be\\\/nl\\\/#organization\"},\"potentialAction\":[{\"@type\":\"SearchAction\",\"target\":{\"@type\":\"EntryPoint\",\"urlTemplate\":\"https:\\\/\\\/aere-egke.be\\\/nl\\\/?s={search_term_string}\"},\"query-input\":{\"@type\":\"PropertyValueSpecification\",\"valueRequired\":true,\"valueName\":\"search_term_string\"}}],\"inLanguage\":\"nl-NL\"},{\"@type\":\"Organization\",\"@id\":\"https:\\\/\\\/aere-egke.be\\\/nl\\\/#organization\",\"name\":\"Fonds Jean Capart\",\"url\":\"https:\\\/\\\/aere-egke.be\\\/nl\\\/\",\"logo\":{\"@type\":\"ImageObject\",\"inLanguage\":\"nl-NL\",\"@id\":\"https:\\\/\\\/aere-egke.be\\\/nl\\\/#\\\/schema\\\/logo\\\/image\\\/\",\"url\":\"https:\\\/\\\/seraphine.work\\\/wp-content\\\/uploads\\\/2017\\\/10\\\/logo_Fonds_JCapart-1.jpg\",\"contentUrl\":\"https:\\\/\\\/seraphine.work\\\/wp-content\\\/uploads\\\/2017\\\/10\\\/logo_Fonds_JCapart-1.jpg\",\"width\":1789,\"height\":456,\"caption\":\"Fonds Jean Capart\"},\"image\":{\"@id\":\"https:\\\/\\\/aere-egke.be\\\/nl\\\/#\\\/schema\\\/logo\\\/image\\\/\"}}]}<\/script>\n<!-- \/ Yoast SEO plugin. -->","yoast_head_json":{"title":"De Raad - AERE - EGKE","description":"Ontdek de leden van de Raad van de Egyptologische Genootschap Koningin Elisabeth en hun inzet voor de Belgische egyptologie.","robots":{"index":"index","follow":"follow","max-snippet":"max-snippet:-1","max-image-preview":"max-image-preview:large","max-video-preview":"max-video-preview:-1"},"canonical":"https:\/\/aere-egke.be\/nl\/wie-zijn-wij\/de-raad-van-de-egke\/","og_locale":"nl_NL","og_type":"article","og_title":"De Raad - AERE - EGKE","og_description":"Ontdek de leden van de Raad van de Egyptologische Genootschap Koningin Elisabeth en hun inzet voor de Belgische egyptologie.","og_url":"https:\/\/aere-egke.be\/nl\/wie-zijn-wij\/de-raad-van-de-egke\/","og_site_name":"AERE - EGKE","article_modified_time":"2026-04-17T12:35:56+00:00","twitter_card":"summary_large_image","twitter_misc":{"Geschatte leestijd":"1 minuut"},"schema":{"@context":"https:\/\/schema.org","@graph":[{"@type":"WebPage","@id":"https:\/\/aere-egke.be\/nl\/wie-zijn-wij\/de-raad-van-de-egke\/","url":"https:\/\/aere-egke.be\/nl\/wie-zijn-wij\/de-raad-van-de-egke\/","name":"De Raad - AERE - EGKE","isPartOf":{"@id":"https:\/\/aere-egke.be\/nl\/#website"},"datePublished":"2017-10-23T20:13:05+00:00","dateModified":"2026-04-17T12:35:56+00:00","description":"Ontdek de leden van de Raad van de Egyptologische Genootschap Koningin Elisabeth en hun inzet voor de Belgische egyptologie.","breadcrumb":{"@id":"https:\/\/aere-egke.be\/nl\/wie-zijn-wij\/de-raad-van-de-egke\/#breadcrumb"},"inLanguage":"nl-NL","potentialAction":[{"@type":"ReadAction","target":["https:\/\/aere-egke.be\/nl\/wie-zijn-wij\/de-raad-van-de-egke\/"]}]},{"@type":"BreadcrumbList","@id":"https:\/\/aere-egke.be\/nl\/wie-zijn-wij\/de-raad-van-de-egke\/#breadcrumb","itemListElement":[{"@type":"ListItem","position":1,"name":"Accueil","item":"https:\/\/aere-egke.be\/nl\/"},{"@type":"ListItem","position":2,"name":"Wie zijn wij","item":"https:\/\/aere-egke.be\/nl\/wie-zijn-wij\/"},{"@type":"ListItem","position":3,"name":"De Raad"}]},{"@type":"WebSite","@id":"https:\/\/aere-egke.be\/nl\/#website","url":"https:\/\/aere-egke.be\/nl\/","name":"AERE - EGKE","description":"Promouvoir la recherche \u00e9gyptologique et papyrologique en Belgique.","publisher":{"@id":"https:\/\/aere-egke.be\/nl\/#organization"},"potentialAction":[{"@type":"SearchAction","target":{"@type":"EntryPoint","urlTemplate":"https:\/\/aere-egke.be\/nl\/?s={search_term_string}"},"query-input":{"@type":"PropertyValueSpecification","valueRequired":true,"valueName":"search_term_string"}}],"inLanguage":"nl-NL"},{"@type":"Organization","@id":"https:\/\/aere-egke.be\/nl\/#organization","name":"Fonds Jean Capart","url":"https:\/\/aere-egke.be\/nl\/","logo":{"@type":"ImageObject","inLanguage":"nl-NL","@id":"https:\/\/aere-egke.be\/nl\/#\/schema\/logo\/image\/","url":"https:\/\/seraphine.work\/wp-content\/uploads\/2017\/10\/logo_Fonds_JCapart-1.jpg","contentUrl":"https:\/\/seraphine.work\/wp-content\/uploads\/2017\/10\/logo_Fonds_JCapart-1.jpg","width":1789,"height":456,"caption":"Fonds Jean Capart"},"image":{"@id":"https:\/\/aere-egke.be\/nl\/#\/schema\/logo\/image\/"}}]}},"_links":{"self":[{"href":"https:\/\/aere-egke.be\/nl\/wp-json\/wp\/v2\/pages\/2816","targetHints":{"allow":["GET"]}}],"collection":[{"href":"https:\/\/aere-egke.be\/nl\/wp-json\/wp\/v2\/pages"}],"about":[{"href":"https:\/\/aere-egke.be\/nl\/wp-json\/wp\/v2\/types\/page"}],"author":[{"embeddable":true,"href":"https:\/\/aere-egke.be\/nl\/wp-json\/wp\/v2\/users\/3"}],"replies":[{"embeddable":true,"href":"https:\/\/aere-egke.be\/nl\/wp-json\/wp\/v2\/comments?post=2816"}],"version-history":[{"count":9,"href":"https:\/\/aere-egke.be\/nl\/wp-json\/wp\/v2\/pages\/2816\/revisions"}],"predecessor-version":[{"id":3930,"href":"https:\/\/aere-egke.be\/nl\/wp-json\/wp\/v2\/pages\/2816\/revisions\/3930"}],"up":[{"embeddable":true,"href":"https:\/\/aere-egke.be\/nl\/wp-json\/wp\/v2\/pages\/2771"}],"wp:attachment":[{"href":"https:\/\/aere-egke.be\/nl\/wp-json\/wp\/v2\/media?parent=2816"}],"curies":[{"name":"wp","href":"https:\/\/api.w.org\/{rel}","templated":true}]}}