{"id":2792,"date":"2017-09-11T14:48:08","date_gmt":"2017-09-11T12:48:08","guid":{"rendered":"https:\/\/aere-egke.be\/naar-een-viervoudige-verjaardag\/"},"modified":"2025-05-20T18:05:30","modified_gmt":"2025-05-20T16:05:30","slug":"geschiedenis-van-het-egyptologisch-genootschap-koningin-elisabeth","status":"publish","type":"page","link":"https:\/\/aere-egke.be\/nl\/wie-zijn-wij\/geschiedenis-van-het-egyptologisch-genootschap-koningin-elisabeth\/","title":{"rendered":"Geschiedenis EGKE"},"content":{"rendered":"<p><b>Geschiedenis EGKE<\/b><\/p>\n<p id=\"indent\">Het Egyptologisch Genootschap Koningin Elisabeth (EGKE) \u2013 Association \u00c9gyptologique Reine \u00c9lisabeth (AERE), voorheen de Egyptologische Stichting Koningin \u00c9lisabeth \u2013Fondation \u00c9gyptologique Reine \u00c9lisabeth, werd officieel opgericht op 1 oktober 1923, op initiatief van de Belgische Egyptoloog Jean Capart (1877\u20131947). De belangrijkste aanleiding voor deze oprichting was het bezoek van de Belgische koningin Elisabeth eerder dat jaar, meer precies op 18 februari 1923, aan het graf van Toetanchamon.<br \/>\nCapart zou zich ontfermen over de dagelijkse leiding van het Genootschap tot aan zijn overlijden in 1947. Hij werd opgevolgd door zijn naaste medewerkster Marcelle Werbrouck (1889\u20131959).<br \/>\nHet doel van het Genootschap was in de eerste plaats om het Egyptologisch en Papyrologisch onderzoek in Belgi\u00eb te bevorderen. In de loop der jaren is het Genootschap uitgegroeid tot een wetenschappelijke instelling die zich verdiept in de studie van de geschiedenis en de beschaving van faraonisch, Grieks-Romeins, christelijk en Arabisch Egypte.<br \/>\nSinds haar oprichting in 1923 bevindt de zetel van het EGKE zich in de gebouwen van de KMKG.<\/p>\n<p><b> Voormalige directeurs:<br \/>\n<\/b><\/p>\n<p id=\"indent\">\u2022 Luc Limme (Directeur 2011-2023)<br \/>\n\u2022 Alain Martin (Directeur 2002-2023, Secretaris 2023-heden)<br \/>\n\u2022 Herman de Meulenaere (Directeur 1975-2011)<br \/>\n\u2022 Jean Bingen (Directeur 1963-2002)<br \/>\n\u2022 Pierre Gilbert (Directeur 1958-1973)<br \/>\n\u2022 Marcelle Werbrouck (Secretaris 1923-1947, Directeur 1947-1958)<br \/>\n\u2022 Jean Capart (Directeur 1923-1947)<\/p>\n<p><b> Bibliografie<br \/>\n<\/b><\/p>\n<p id=\"indent\">&#8211; Bruffaerts, J.-M. 2013. \u2018Bruxelles, capitale de l\u2019\u00e9gyptologie. Le r\u00eave de Jean Capart (1877\u20131947)\u2019. In S. Bickel, H.-W. Fischer-Elfert, A. Loprieno and S. Richter (eds), \u00c4gyptologen und \u00c4gyptologien zwischen Kaiserreich und Gr\u00fcndung der beiden deutschen Staaten: Reflexionen zur Geschichte und Episteme eines altertumswissenschaftlichen Fachs im 150. Jahr der Zeitschrift f\u00fcr \u00e4gyptische Sprache und Altertumskunde, Zeitschrift f\u00fcr \u00c4gyptische Sprache und Altertumskunde\u2013 Beihefte 1. Berlin: De Gruyter: 193\u2013241.<br \/>\n&#8211; De Meyer, M., Bruffaerts, J.-M., &amp; J. Vandersmissen. 2024. &#8216;The Fondation \u00c9gyptologique Reine \u00c9lisabeth in Belgium and the Creation of National and Transnational Egyptological Research Infrastructures in the 1920s\u20131940s&#8217;. In T.L. Gertzen &amp; O. Matthes (eds), Oriental Societies &amp; Societal Self-Assertion: Associations, Funds and Societies for the Archaeological Exploration of the \u2018Ancient Near East\u2019. Investigatio Orientis 10. M\u00fcnster: Zaphon, 141\u2013166.<br \/>\n&#8211; Van de Walle, B. 1974. \u2018Le cinquanti\u00e8me anniversaire de la Fondation \u00c9gyptologique Reine \u00c9lisabeth (1923\u20131973)\u2019. Bibliotheca Orientalis 31(3\u20136): 194\u2013197.<br \/>\n&#8211; Werbrouck, M. 1947. \u2018Jean Capart et la Fondation \u00c9gyptologique Reine \u00c9lisabeth\u2019. Chronique d\u2019\u00c9gypte 22(44): 192\u2013196.<\/p>\n","protected":false},"excerpt":{"rendered":"<p>Geschiedenis EGKE Het Egyptologisch Genootschap Koningin Elisabeth (EGKE) \u2013 Association \u00c9gyptologique Reine \u00c9lisabeth (AERE), voorheen de Egyptologische Stichting Koningin \u00c9lisabeth \u2013Fondation \u00c9gyptologique Reine \u00c9lisabeth, werd officieel opgericht op 1 oktober 1923, op initiatief van de Belgische Egyptoloog Jean Capart (1877\u20131947). De belangrijkste aanleiding voor deze oprichting was het bezoek van de Belgische koningin Elisabeth eerder&nbsp; <a href=\"https:\/\/aere-egke.be\/nl\/wie-zijn-wij\/geschiedenis-van-het-egyptologisch-genootschap-koningin-elisabeth\/\">&hellip; Read more <i class=\"glyphicon glyphicon-arrow-right\"><\/i><\/a><\/p>\n","protected":false},"author":3,"featured_media":0,"parent":2771,"menu_order":2,"comment_status":"closed","ping_status":"closed","template":"subpage.php","meta":{"_acf_changed":false,"footnotes":""},"class_list":["post-2792","page","type-page","status-publish","hentry"],"acf":[],"yoast_head":"<!-- This site is optimized with the Yoast SEO plugin v27.5 - https:\/\/yoast.com\/product\/yoast-seo-wordpress\/ -->\n<title>Geschiedenis EGKE - AERE - EGKE<\/title>\n<meta name=\"description\" content=\"Ontdek de geschiedenis van het Egyptologisch Genootschap Koningin Elisabeth (EGKE), voorheen de Egyptologische Stichting Koningin Elisabeth.\" \/>\n<meta name=\"robots\" content=\"index, follow, max-snippet:-1, max-image-preview:large, max-video-preview:-1\" \/>\n<link rel=\"canonical\" href=\"https:\/\/aere-egke.be\/nl\/wie-zijn-wij\/geschiedenis-van-het-egyptologisch-genootschap-koningin-elisabeth\/\" \/>\n<meta property=\"og:locale\" content=\"nl_NL\" \/>\n<meta property=\"og:type\" content=\"article\" \/>\n<meta property=\"og:title\" content=\"Geschiedenis EGKE - AERE - EGKE\" \/>\n<meta property=\"og:description\" content=\"Ontdek de geschiedenis van het Egyptologisch Genootschap Koningin Elisabeth (EGKE), voorheen de Egyptologische Stichting Koningin Elisabeth.\" \/>\n<meta property=\"og:url\" content=\"https:\/\/aere-egke.be\/nl\/wie-zijn-wij\/geschiedenis-van-het-egyptologisch-genootschap-koningin-elisabeth\/\" \/>\n<meta property=\"og:site_name\" content=\"AERE - EGKE\" \/>\n<meta property=\"article:modified_time\" content=\"2025-05-20T16:05:30+00:00\" \/>\n<meta name=\"twitter:card\" content=\"summary_large_image\" \/>\n<meta name=\"twitter:label1\" content=\"Geschatte leestijd\" \/>\n\t<meta name=\"twitter:data1\" content=\"2 minuten\" \/>\n<script type=\"application\/ld+json\" class=\"yoast-schema-graph\">{\"@context\":\"https:\\\/\\\/schema.org\",\"@graph\":[{\"@type\":\"WebPage\",\"@id\":\"https:\\\/\\\/aere-egke.be\\\/nl\\\/wie-zijn-wij\\\/geschiedenis-van-het-egyptologisch-genootschap-koningin-elisabeth\\\/\",\"url\":\"https:\\\/\\\/aere-egke.be\\\/nl\\\/wie-zijn-wij\\\/geschiedenis-van-het-egyptologisch-genootschap-koningin-elisabeth\\\/\",\"name\":\"Geschiedenis EGKE - AERE - EGKE\",\"isPartOf\":{\"@id\":\"https:\\\/\\\/aere-egke.be\\\/nl\\\/#website\"},\"datePublished\":\"2017-09-11T12:48:08+00:00\",\"dateModified\":\"2025-05-20T16:05:30+00:00\",\"description\":\"Ontdek de geschiedenis van het Egyptologisch Genootschap Koningin Elisabeth (EGKE), voorheen de Egyptologische Stichting Koningin Elisabeth.\",\"breadcrumb\":{\"@id\":\"https:\\\/\\\/aere-egke.be\\\/nl\\\/wie-zijn-wij\\\/geschiedenis-van-het-egyptologisch-genootschap-koningin-elisabeth\\\/#breadcrumb\"},\"inLanguage\":\"nl-NL\",\"potentialAction\":[{\"@type\":\"ReadAction\",\"target\":[\"https:\\\/\\\/aere-egke.be\\\/nl\\\/wie-zijn-wij\\\/geschiedenis-van-het-egyptologisch-genootschap-koningin-elisabeth\\\/\"]}]},{\"@type\":\"BreadcrumbList\",\"@id\":\"https:\\\/\\\/aere-egke.be\\\/nl\\\/wie-zijn-wij\\\/geschiedenis-van-het-egyptologisch-genootschap-koningin-elisabeth\\\/#breadcrumb\",\"itemListElement\":[{\"@type\":\"ListItem\",\"position\":1,\"name\":\"Accueil\",\"item\":\"https:\\\/\\\/aere-egke.be\\\/nl\\\/\"},{\"@type\":\"ListItem\",\"position\":2,\"name\":\"Wie zijn wij\",\"item\":\"https:\\\/\\\/aere-egke.be\\\/nl\\\/wie-zijn-wij\\\/\"},{\"@type\":\"ListItem\",\"position\":3,\"name\":\"Geschiedenis EGKE\"}]},{\"@type\":\"WebSite\",\"@id\":\"https:\\\/\\\/aere-egke.be\\\/nl\\\/#website\",\"url\":\"https:\\\/\\\/aere-egke.be\\\/nl\\\/\",\"name\":\"AERE - EGKE\",\"description\":\"Promouvoir la recherche \u00e9gyptologique et papyrologique en Belgique.\",\"publisher\":{\"@id\":\"https:\\\/\\\/aere-egke.be\\\/nl\\\/#organization\"},\"potentialAction\":[{\"@type\":\"SearchAction\",\"target\":{\"@type\":\"EntryPoint\",\"urlTemplate\":\"https:\\\/\\\/aere-egke.be\\\/nl\\\/?s={search_term_string}\"},\"query-input\":{\"@type\":\"PropertyValueSpecification\",\"valueRequired\":true,\"valueName\":\"search_term_string\"}}],\"inLanguage\":\"nl-NL\"},{\"@type\":\"Organization\",\"@id\":\"https:\\\/\\\/aere-egke.be\\\/nl\\\/#organization\",\"name\":\"Fonds Jean Capart\",\"url\":\"https:\\\/\\\/aere-egke.be\\\/nl\\\/\",\"logo\":{\"@type\":\"ImageObject\",\"inLanguage\":\"nl-NL\",\"@id\":\"https:\\\/\\\/aere-egke.be\\\/nl\\\/#\\\/schema\\\/logo\\\/image\\\/\",\"url\":\"https:\\\/\\\/seraphine.work\\\/wp-content\\\/uploads\\\/2017\\\/10\\\/logo_Fonds_JCapart-1.jpg\",\"contentUrl\":\"https:\\\/\\\/seraphine.work\\\/wp-content\\\/uploads\\\/2017\\\/10\\\/logo_Fonds_JCapart-1.jpg\",\"width\":1789,\"height\":456,\"caption\":\"Fonds Jean Capart\"},\"image\":{\"@id\":\"https:\\\/\\\/aere-egke.be\\\/nl\\\/#\\\/schema\\\/logo\\\/image\\\/\"}}]}<\/script>\n<!-- \/ Yoast SEO plugin. -->","yoast_head_json":{"title":"Geschiedenis EGKE - AERE - EGKE","description":"Ontdek de geschiedenis van het Egyptologisch Genootschap Koningin Elisabeth (EGKE), voorheen de Egyptologische Stichting Koningin Elisabeth.","robots":{"index":"index","follow":"follow","max-snippet":"max-snippet:-1","max-image-preview":"max-image-preview:large","max-video-preview":"max-video-preview:-1"},"canonical":"https:\/\/aere-egke.be\/nl\/wie-zijn-wij\/geschiedenis-van-het-egyptologisch-genootschap-koningin-elisabeth\/","og_locale":"nl_NL","og_type":"article","og_title":"Geschiedenis EGKE - AERE - EGKE","og_description":"Ontdek de geschiedenis van het Egyptologisch Genootschap Koningin Elisabeth (EGKE), voorheen de Egyptologische Stichting Koningin Elisabeth.","og_url":"https:\/\/aere-egke.be\/nl\/wie-zijn-wij\/geschiedenis-van-het-egyptologisch-genootschap-koningin-elisabeth\/","og_site_name":"AERE - EGKE","article_modified_time":"2025-05-20T16:05:30+00:00","twitter_card":"summary_large_image","twitter_misc":{"Geschatte leestijd":"2 minuten"},"schema":{"@context":"https:\/\/schema.org","@graph":[{"@type":"WebPage","@id":"https:\/\/aere-egke.be\/nl\/wie-zijn-wij\/geschiedenis-van-het-egyptologisch-genootschap-koningin-elisabeth\/","url":"https:\/\/aere-egke.be\/nl\/wie-zijn-wij\/geschiedenis-van-het-egyptologisch-genootschap-koningin-elisabeth\/","name":"Geschiedenis EGKE - AERE - EGKE","isPartOf":{"@id":"https:\/\/aere-egke.be\/nl\/#website"},"datePublished":"2017-09-11T12:48:08+00:00","dateModified":"2025-05-20T16:05:30+00:00","description":"Ontdek de geschiedenis van het Egyptologisch Genootschap Koningin Elisabeth (EGKE), voorheen de Egyptologische Stichting Koningin Elisabeth.","breadcrumb":{"@id":"https:\/\/aere-egke.be\/nl\/wie-zijn-wij\/geschiedenis-van-het-egyptologisch-genootschap-koningin-elisabeth\/#breadcrumb"},"inLanguage":"nl-NL","potentialAction":[{"@type":"ReadAction","target":["https:\/\/aere-egke.be\/nl\/wie-zijn-wij\/geschiedenis-van-het-egyptologisch-genootschap-koningin-elisabeth\/"]}]},{"@type":"BreadcrumbList","@id":"https:\/\/aere-egke.be\/nl\/wie-zijn-wij\/geschiedenis-van-het-egyptologisch-genootschap-koningin-elisabeth\/#breadcrumb","itemListElement":[{"@type":"ListItem","position":1,"name":"Accueil","item":"https:\/\/aere-egke.be\/nl\/"},{"@type":"ListItem","position":2,"name":"Wie zijn wij","item":"https:\/\/aere-egke.be\/nl\/wie-zijn-wij\/"},{"@type":"ListItem","position":3,"name":"Geschiedenis EGKE"}]},{"@type":"WebSite","@id":"https:\/\/aere-egke.be\/nl\/#website","url":"https:\/\/aere-egke.be\/nl\/","name":"AERE - EGKE","description":"Promouvoir la recherche \u00e9gyptologique et papyrologique en Belgique.","publisher":{"@id":"https:\/\/aere-egke.be\/nl\/#organization"},"potentialAction":[{"@type":"SearchAction","target":{"@type":"EntryPoint","urlTemplate":"https:\/\/aere-egke.be\/nl\/?s={search_term_string}"},"query-input":{"@type":"PropertyValueSpecification","valueRequired":true,"valueName":"search_term_string"}}],"inLanguage":"nl-NL"},{"@type":"Organization","@id":"https:\/\/aere-egke.be\/nl\/#organization","name":"Fonds Jean Capart","url":"https:\/\/aere-egke.be\/nl\/","logo":{"@type":"ImageObject","inLanguage":"nl-NL","@id":"https:\/\/aere-egke.be\/nl\/#\/schema\/logo\/image\/","url":"https:\/\/seraphine.work\/wp-content\/uploads\/2017\/10\/logo_Fonds_JCapart-1.jpg","contentUrl":"https:\/\/seraphine.work\/wp-content\/uploads\/2017\/10\/logo_Fonds_JCapart-1.jpg","width":1789,"height":456,"caption":"Fonds Jean Capart"},"image":{"@id":"https:\/\/aere-egke.be\/nl\/#\/schema\/logo\/image\/"}}]}},"_links":{"self":[{"href":"https:\/\/aere-egke.be\/nl\/wp-json\/wp\/v2\/pages\/2792","targetHints":{"allow":["GET"]}}],"collection":[{"href":"https:\/\/aere-egke.be\/nl\/wp-json\/wp\/v2\/pages"}],"about":[{"href":"https:\/\/aere-egke.be\/nl\/wp-json\/wp\/v2\/types\/page"}],"author":[{"embeddable":true,"href":"https:\/\/aere-egke.be\/nl\/wp-json\/wp\/v2\/users\/3"}],"replies":[{"embeddable":true,"href":"https:\/\/aere-egke.be\/nl\/wp-json\/wp\/v2\/comments?post=2792"}],"version-history":[{"count":4,"href":"https:\/\/aere-egke.be\/nl\/wp-json\/wp\/v2\/pages\/2792\/revisions"}],"predecessor-version":[{"id":3616,"href":"https:\/\/aere-egke.be\/nl\/wp-json\/wp\/v2\/pages\/2792\/revisions\/3616"}],"up":[{"embeddable":true,"href":"https:\/\/aere-egke.be\/nl\/wp-json\/wp\/v2\/pages\/2771"}],"wp:attachment":[{"href":"https:\/\/aere-egke.be\/nl\/wp-json\/wp\/v2\/media?parent=2792"}],"curies":[{"name":"wp","href":"https:\/\/api.w.org\/{rel}","templated":true}]}}