{"id":2780,"date":"2017-09-11T14:46:42","date_gmt":"2017-09-11T12:46:42","guid":{"rendered":"https:\/\/aere-egke.be\/bibliografie-van-jean-capart\/"},"modified":"2025-05-20T20:00:01","modified_gmt":"2025-05-20T18:00:01","slug":"bibliografie-van-jean-capart","status":"publish","type":"page","link":"https:\/\/aere-egke.be\/nl\/wie-zijn-wij\/bibliografie-van-jean-capart\/","title":{"rendered":"Bibliografie van Jean Capart"},"content":{"rendered":"<p><strong>\u00a0<\/strong><\/p>\n<ul>\n<li><strong><em>Recueil de monuments \u00e9gyptiens<\/em><\/strong>, 1<sup>\u00e8re<\/sup> s\u00e9rie, Bruxelles, 1902, 102 p., 50 pl.\u00a0; 2<sup>e<\/sup> s\u00e9rie, Bruxelles, 1905, 118 p. et 50 pl.<\/li>\n<li><strong><em>Les Origines de l\u2019Art et l\u2019Art oriental. I. Les Origines de l\u2019art et l\u2019art \u00e9gyptien<\/em><\/strong><strong>,<\/strong> Bruxelles, 1903, 63 p.\u00a0; 2<sup>e<\/sup> \u00e9d., Bruxelles, s.d. 48 p.\u00a0; <strong> <em>L\u2019Art oriental hors d\u2019Egypte<\/em><\/strong>, Bruxelles, 1904-1905, 72 p.<\/li>\n<li><strong><em>Les D\u00e9buts de l\u2019Art en Egypte<\/em><\/strong><em>,<\/em> Bruxelles, Vromant &amp; C<sup>ie<\/sup>, 1904, VIII-316 p., 191 pl. et fig.<\/li>\n<li><strong><em>Les antiquit\u00e9s \u00e9gyptiennes des Mus\u00e9es Royaux du Cinquantenaire<\/em><\/strong><strong>.<em> Guide descriptif<\/em><\/strong><em>,<\/em> Bruxelles, Vromant &amp; C<sup>ie<\/sup>, 1905, 150 p., fig. et plan.<\/li>\n<li><strong><em>Antiquit\u00e9s orientales, grecques et romaines<\/em><\/strong><em>.<\/em> Guide sommaire, Bruxelles, 1905, 30 p.\u00a0; 2<sup>e<\/sup> \u00e9d. revue et augment\u00e9e, Bruxelles, 1906, 63 p. En collaboration avec Franz CUMONT et Jean DE MOT.<\/li>\n<li><strong><em>Primitive Art in Egypt. <\/em><\/strong><em>Translated from the revised and augmented original edition by A. S. Griffith<\/em>, London-Philadelphia, Grevel, 1905, XX-304 p., fig. et pl. Traduction par A. S. GRIFFITH du livre <em>Les D\u00e9buts de l\u2019Art en Egypte<\/em>.<\/li>\n<li><strong><em>Chambre fun\u00e9raire de la VI<sup>e<\/sup> dynastie aux Mus\u00e9es Royaux du Cinquantenaire<\/em><\/strong>, Bruxelles, Vromant &amp; C<sup>ie<\/sup>, 1906, 26 p., 5 pl. et fig.<\/li>\n<li><strong><em>Une rue de tombeaux \u00e0 Saqqarah<\/em><\/strong><em>. <\/em><em> Texte <\/em>(1 vol.) et II. <em>Planches <\/em>(2 vol.), Bruxelles, Vromant &amp; C<sup>ie<\/sup>, 1907, 3 vol.<\/li>\n<li><strong><em>L\u2019Art \u00e9gyptien<\/em><\/strong><em>. <\/em>1<sup>\u00e8re<\/sup> s\u00e9rie<em>,<\/em> Bruxelles, Vromant &amp; C<sup>ie<\/sup>, 1908.<\/li>\n<li><strong><em>L\u2019Art \u00e9gyptien. Choix de documents accompagn\u00e9s d\u2019indications bibliographiques<\/em><\/strong>, 1<sup>\u00e8re<\/sup> s\u00e9rie, Bruxelles-Paris, Vromant &amp; C<sup>ie<\/sup>, 1909, 31 p., 100 pl.\u00a0; 2<sup>e<\/sup> s\u00e9rie, Bruxelles-Paris, Vromant &amp; C<sup>ie<\/sup>, 1911, 35 p., 100 pl.<\/li>\n<li><strong><em>Mus\u00e9es Royaux du Cinquantenaire. Notice sommaire de la section des antiquit\u00e9s orientales, grecques et romaines<\/em><\/strong><em>,<\/em> Bruxelles, 1909, 40 p. En collaboration avec Franz CUMONT et Jean DE MOT.<\/li>\n<li><strong><em>Une donation d\u2019antiquit\u00e9s \u00e9gyptiennes aux Mus\u00e9es Royaux de Bruxelles<\/em><\/strong>, Bruxelles, Vromant &amp; C<sup>ie<\/sup>, 1911, 51 p., 2 pl.<\/li>\n<li><strong> <em>Le Temple de S\u00e9ti I<sup>er<\/sup>. Etude g\u00e9n\u00e9rale<\/em><\/strong>, Bruxelles, Rossignol &amp; Van den Bril, 1912, 39 p., 50 pl., fig., 1 plan\u00a0: nouv. Ed.\u00a0: Saint-Laurent-le-Minier, Ed. Decoopman, 2015, 155 p. Pr\u00e9face de Jean-Michel BRUFFAERTS.<\/li>\n<li><strong><em>Un roman v\u00e9cu il y a vingt-cinq si\u00e8cles. Histoire des relations d\u2019une famille sacerdotale \u00e9gyptienne avec les pr\u00eatres du Temple de Teuzoi depuis l\u2019an IV du r\u00e8gne de Psam\u00e9tique I<sup>er<\/sup> jusqu\u2019\u00e0 l\u2019an IX du r\u00e8gne de Darius (VII<sup>e<\/sup> et VI<sup>e<\/sup> si\u00e8cles av. J.-C.) par P\u00e9t\u00e9isis fils d\u2019Essemteu.<\/em><\/strong><em> Adaptation de Jean Capart,<\/em> Bruxelles, 1914, 91 p.\u00a0; 2<sup>e<\/sup> \u00e9d. augm., Bruxelles, Vromant, 1941, 164 p., fig.<\/li>\n<li><strong><em>Mus\u00e9es Royaux du Cinquantenaire. Notice sommaire. Antiquit\u00e9s. (F\u00e9vrier 1914)<\/em><\/strong>, Bruxelles, 1914, 12 p.<\/li>\n<li><strong><em>Le\u00e7ons sur l\u2019Art \u00e9gyptien<\/em><\/strong>, Li\u00e8ge, impr. H. Vaillant-Carmanne, 1920, XIV-551 p.<\/li>\n<li><strong><em>L\u2019Art \u00e9gyptien. <\/em><\/strong><strong><em> L&#8217;architecture. Choix de documents accompagn\u00e9s d\u2019indications bibliographiques<\/em><\/strong>, Vromant &amp; C\u00b0, 1922, VI-50 p., 200 pl.\u00a0; <em>L\u2019Art \u00e9gyptien. Deuxi\u00e8me partie. Choix de documents accompagn\u00e9s d\u2019indications bibliographiques. II. La statuaire, <\/em>Bruxelles, Vromant, 1942, 45 p., pl. 201-400\u00a0;<em> III. Les arts graphiques,<\/em> Bruxelles, Vromant, 1942, 45 p., pl. 401-600\u00a0; <em>IV: Les arts mineurs,<\/em> Bruxelles, Vromant, 1947, 49 p., pl. 601-800.<\/li>\n<li><strong><em>Egyptian Art. <\/em><\/strong><strong><em>Introductory Studies<\/em><\/strong>, London, G. Allen &amp; Unwin, 1923, 179 p., 64 pl. Traduction anglaise par Warren R. DAWSON.<\/li>\n<li><strong><em>Tout-Ankh-Amon<\/em><\/strong>, 1<sup>\u00e8re<\/sup> \u00e9d., Bruxelles, Vromant &amp; C<sup>ie<\/sup>, 1923, 121 p., 12 pl.\u00a0; 2<sup>e<\/sup> \u00e9d. revue et augment\u00e9e, Bruxelles, Vromant, 1943, front., 211 p., 78 fig. ; 3<sup>e<\/sup> \u00e9d. (posthume), Bruxelles, Vromant, 1950, VIII-222 p., fig. En collaboration (pour les 2<sup>e<\/sup> et 3<sup>e<\/sup> \u00e9d.) avec Marcelle WERBROUCK, El\u00e9onore BILLE-DE MOT, Jeanne M. TAUPIN et Pierre GILBERT.<\/li>\n<li><strong><em>The Tomb of Tutankhamen<\/em><\/strong><em>, <\/em>London, George Allen &amp; Unwin L<sup>td<\/sup>, 1923, 94 p., 16 pl. Traduction anglaise de <em>Tout-Ankh-Amon<\/em> par Warren R. Dawson.<\/li>\n<li><strong><em>Tut-anch-Amon<\/em><\/strong><em>,<\/em> Copenhague, P. Haase, 1923, 78 p., 12 ill. Traduction danoise de <em>Tout-Ankh-Amon<\/em> par Elise Koppel.<\/li>\n<li><strong><em>Tut-anch-Amon, benevens drie brieven uit Luxor van Marcelle Werbrouck<\/em><\/strong>, Amsterdam, Van Munster\u2019s Uitgevers Maatschappij, 1924, 147 p., 16 pl. Traduction n\u00e9erlandaise de <em>Tout-Ankh-Amon<\/em> par Henri Asselberghs; 2<sup>e<\/sup> \u00e9d., Brussel-Den Haag, A. Manteau-H. Leopold\u2019s Uitg., 1944, 232 p., 78 fig. En collaboration (pour la 2<sup>e<\/sup> \u00e9d.) avec Marcelle WERBROUCK, El\u00e9onore Bille-De Mot, Jeanne M. Taupin et Pierre Gilbert. Traduction n\u00e9erlandaise de <em>Tout-Ankh-Amon<\/em> par B. Lindekens.<\/li>\n<li><strong><em>L\u2019Art \u00e9gyptien. Etudes et Histoire. I. L\u2019Ancien et le Moyen Empire<\/em><\/strong>, Bruxelles, Vromant &amp; C<sup>ie<\/sup>, 1924, 323 p. Nouvelle \u00e9dition des <em>Le\u00e7ons sur l\u2019Art \u00e9gyptien<\/em>.<\/li>\n<li><strong><em>Th\u00e8bes. La Gloire d\u2019un Grand Pass\u00e9<\/em><\/strong><em>,<\/em> Bruxelles, Vromant &amp; C<sup>ie<\/sup> \/ FERE, 1925, 363 p., 259 fig. En collaboration avec Marcelle WERBROUCK.<\/li>\n<li><strong><em> The Glory of a Great Past<\/em><\/strong><em>,<\/em> London, Allen &amp; Unwin Ltd \/ FERE, 1926, 362 p., 259 fig. In collaboration with Marcelle WERBROUCK.<\/li>\n<li><strong><em> The Glory of a Great Past<\/em><\/strong><em>,<\/em> New York, Lincoln Mac Veagh \/ FERE, 1926, 362 p., 259 fig. In collaboration with Marcelle WERBROUCK.<\/li>\n<li><strong><em>Documents pour servir \u00e0 l\u2019\u00e9tude de l\u2019Art \u00e9gyptien<\/em><\/strong>, I, Paris, P\u00e9gase, 1927, XVI-90 p., 100 pl.\u00a0; II, Paris, P\u00e9gase, 1931, XII-114 p., 100 pl.<\/li>\n<li><strong><em>Mus\u00e9es Royaux du Cinquantenaire Bruxelles. Guide du Visiteur. <\/em><\/strong><strong><em>Egypte<\/em><\/strong>, Bruxelles, Vromant, 1928, 78 p.<\/li>\n<li><strong><em>Lectures on Egyptian Art<\/em><\/strong>, Chapel Hill, The University of North Carolina Press, 1928, XXXII-290 p., 188 fig. Traduction am\u00e9ricaine des <em>Le\u00e7ons sur l\u2019Art \u00e9gyptien<\/em>.<\/li>\n<li><strong><em> A l\u2019Ombre des Pyramides<\/em><\/strong><em>,<\/em> Bruxelles, Vromant &amp; C<sup>ie<\/sup> \/ FERE, 1930, XVIII-415 p., 397 fig. Avec la collaboration de Marcelle Werbrouck.<\/li>\n<li><strong><em>Propos sur l\u2019Art \u00e9gyptien<\/em><\/strong><em>,<\/em> <u>in:<\/u> <em>Annales de la Soci\u00e9t\u00e9 Royale d\u2019Arch\u00e9ologie de Bruxelles<\/em>, XXXIV, 1930, VII-307 p., fig.\u00a0; nouv. \u00e9d.\u00a0: Bruxelles, FERE, 1931, XVI-308 p., 188 fig.<\/li>\n<li><strong><em>Le Temple des Muses<\/em><\/strong><em>,<\/em> 1<sup>\u00e8re<\/sup> \u00e9d., Bruxelles, MRAH, 1932, 128 p.\u00a0; 2<sup>e<\/sup> \u00e9d. revue et augment\u00e9e, Bruxelles, MRAH, 1936, 180 p., fig.<\/li>\n<li><strong><em>L\u2019Art Egyptien<\/em><\/strong><em>,<\/em> <u>in:<\/u> DESHAIRS L\u00e9on (dir.), <em>L\u2019Art des origines \u00e0 nos jours, <\/em>II, Paris, Larousse, 1932, p. 7-27, fig., 1 pl., 57 fig.<\/li>\n<li><strong><em>L\u2019Usurpation des Monuments dans l\u2019Antiquit\u00e9 Egyptienne<\/em><\/strong><em>,<\/em> <u>in:<\/u> <em>M\u00e9langes de philologie orientale <\/em>publi\u00e9s \u00e0 l\u2019occasion du X<sup>e<\/sup> anniversaire de la cr\u00e9ation de l\u2019Institut Sup\u00e9rieur d\u2019Histoire et de Litt\u00e9ratures Orientales de l&#8217;Universit\u00e9 de Li\u00e8ge, Li\u00e8ge, 1932, p. 57-60.<\/li>\n<li><strong><em>Le naos du d\u00e9cret de Rosette<\/em><\/strong><em>,<\/em> <u>in:<\/u> <em>Studies presented to F. Ll. Griffith<\/em>, London, 1932, p. 277-278, pl. 34. Tir\u00e9 \u00e0 part.<\/li>\n<li><strong><em>L\u2019Egypte des Pharaons<\/em><\/strong><em>,<\/em> <u>in:<\/u><em> Histoire de l\u2019Orient ancien,<\/em> 1<sup>\u00e8re<\/sup> \u00e9d., Paris, Hachette, 1936, p. 5-145.\u00a0; 2<sup>e<\/sup> \u00e9d. revue et corrig\u00e9e, Paris, Hachette, 1943, p. 5-145 (Coll. L\u2019Histoire racont\u00e9e \u00e0 tous). En collaboration avec Georges CONTENAU.<\/li>\n<li><strong><em>Une histoire de souris au temps des pharaons<\/em><\/strong>, Bruxelles-Paris, Office de Publicit\u00e9 &#8211; J. De Gigord, 1937, 185 p., fig.\u00a0; nouv. \u00e9d. (posthume)\u00a0: Jandrain-Jandrenouille, Presses de l\u2019Atelier de la Tannerie, 1978, 185 p., fig.<\/li>\n<li><strong><em>Le Collectionneur<\/em><\/strong><em>,<\/em> Li\u00e8ge, Georges Thone, 1938, 21 p.<\/li>\n<li><strong><em>Le statut des agents de l\u2019Etat<\/em><\/strong><em>,<\/em> Bruxelles, Larcier, 1938, 148 p.<\/li>\n<li><strong><em>Fouilles d\u2019El Kab. Fondation Egyptologique Reine Elisabeth<\/em><\/strong><em>.<\/em> Catalogue de l\u2019Exposition organis\u00e9e \u00e0 l\u2019occasion du Congr\u00e8s International des Orientalistes de Bruxelles, Bruxelles, 1938, 4 p.<\/li>\n<li><strong><em>Le Papyrus L\u00e9opold II aux Mus\u00e9es Royaux d\u2019Art et d\u2019Histoire de Bruxelles et le Papyrus Amherst \u00e0 la Pierpont Morgan Library de New York<\/em><\/strong><em>,<\/em> Bruxelles, Patrimoine des MRAH, 1939, 12 p., 4 pl. En collaboration avec Alan H. GARDINER.<\/li>\n<li><strong><em> Een muizenhistorie ten tijde der Pharaos<\/em><\/strong><em>.<\/em> Gent, G. De Graeve, 1940, 132 p., fig. Traduction n\u00e9erlandaise de <em>Makit. Une histoire de souris au temps des Pharaons<\/em> par M. DE PRAETERE.<\/li>\n<li><strong><em>Fouilles de El Kab. Documents. Livraison I<\/em><\/strong><em>, <\/em>Bruxelles, FERE, 1940, 48 p., 20 pl. En collaboration\u00a0:<em> <strong>Livraison II<\/strong><\/em>, Bruxelles, FERE, 1940, 32 p., 20 pl. En collaboration\u00a0;<em> <strong>Livraison III<\/strong>,<\/em> Bruxelles, FERE, 1954, 39 p., 8 pl., carte. En collaboration. Publication posthume<\/li>\n<li><strong><em>Visions de l\u2019Egypte ancienne. Six causeries radiophoniques<\/em><\/strong><em>,<\/em> Bruxelles, FERE, 1940, 79 p.<\/li>\n<li><strong><em>Hori, gamin de la Vieille Egypte<\/em><\/strong><em>,<\/em> Bruxelles, Office de Publicit\u00e9, [1940], 104 p., 8 fig.<\/li>\n<li><strong><em>La Beaut\u00e9 \u00e9gyptienne. Anthologie<\/em><\/strong>, 1<sup>\u00e8re<\/sup> \u00e9d., Bruxelles, Office de Publicit\u00e9, 1941, 82 p., 1 fig.\u00a0: 2<sup>e<\/sup> \u00e9d., Bruxelles, Office de Publicit\u00e9, 1942, 82 p., 1 fig.\u00a0; 3<sup>e<\/sup> \u00e9d. (posthume), Bruxelles, Office de Publicit\u00e9, 1949, 82 p., 1 fig. (Collection Leb\u00e8gue, n\u00b0 10).<\/li>\n<li><strong><em>Le Message de la Vieille Egypte<\/em><\/strong><em>,<\/em> 1<sup>\u00e8re<\/sup> \u00e9d., Bruxelles, Office de Publicit\u00e9, 1941, 84 p., 1 fig.\u00a0; 2<sup>e<\/sup> \u00e9d., Bruxelles, Office de Publicit\u00e9, 1942, 84 p., 1 fig.\u00a0; 3<sup>e<\/sup> \u00e9d., Bruxelles, Office de Publicit\u00e9, 1945, 78 p., 1 fig. (Collection Leb\u00e8gue, n\u00b0 1).<\/li>\n<li><strong><em>La conception moderne des mus\u00e9es<\/em><\/strong><em>, <\/em>Paris, Office international des Mus\u00e9es, 1941, 93 p. En collaboration avec J. LAMEENE.<\/li>\n<li><strong><em>Hori jongetje uit het Oude Egypte<\/em><\/strong>, Gand, Snoeck-Ducaju, 1942, 128 p., fig. Traduit en n\u00e9erlandais par M. TRALBAUT et illustr\u00e9 par F. HELBIG.<\/li>\n<li><strong><em>Le paysage et les sc\u00e8nes de genre dans l\u2019Art \u00e9gyptien<\/em><\/strong><em>,<\/em> Bruxelles, Patrimoine des Mus\u00e9es Royaux des Beaux-Arts de Belgique, 1942, 48 p., 56 fig. (Coll. Mus\u00e9es Royaux des Beaux-Arts de Belgique. Conf\u00e9rences. 1940-1941).<\/li>\n<li><strong><em>L\u2019Art \u00e9gyptien. Deuxi\u00e8me partie. Choix de documents accompagn\u00e9s d\u2019indications bibliographiques. II. La statuaire<\/em><\/strong><em>, <\/em>Bruxelles, Vromant, 1942, 45 p., pl. 201-400\u00a0;<em> <strong> Les arts graphiques<\/strong>,<\/em> Bruxelles, Vromant, 1942, 45 p., pl. 401-600\u00a0; <strong><em>IV: Les arts mineurs<\/em><\/strong><em>,<\/em> Bruxelles, Vromant, 1947, 49 p., pl. 601-800.<\/li>\n<li><strong><em>Schoonheidsschatten uit Oud Egypte<\/em><\/strong><em>. <\/em>Diest, Pro Arte, 1942, 16 p., 32 fig. Traduit en n\u00e9erlandais par M. TRALBAU.<\/li>\n<li><strong><em>L\u2019Am\u00e9rique telle qu\u2019on la d\u00e9peint et telle qu\u2019elle est<\/em><\/strong>, Bruxelles, De Visscher, 1945, 48 p., 2 pl.<\/li>\n<li><strong><em>L\u2019Antiquit\u00e9 proche-orientale. Biblioth\u00e8que de l\u2019Honn\u00eate Homme<\/em><\/strong><em>,<\/em> Bruxelles, Goemaere, 1945.<\/li>\n<li><strong><em>Que lire ? Anthologie d\u2019appr\u00e9ciations sur les meilleurs livres des litt\u00e9ratures anciennes et modernes<\/em><\/strong><em>,<\/em> Bruxelles-Paris, Vromant, 1945, XXX-739 p.<\/li>\n<li><strong><em>Je lis les hi\u00e9roglyphes<\/em><\/strong><em>,<\/em> 1<sup>\u00e8re<\/sup> \u00e9d., Bruxelles, Office de Publicit\u00e9, 1946, 107 p., 1 pl.\u00a0; 2<sup>e<\/sup> \u00e9d. (posthume), Bruxelles, Office de Publicit\u00e9, 1960, 107 p., 1 pl.\u00a0; 3<sup>e<\/sup> \u00e9d. (posthume), Bruxelles, Office de Publicit\u00e9, 1965, 107 p., 1 pl.\u00a0; 4<sup>e<\/sup> \u00e9d. (posthume), Bruxelles, Office de Publicit\u00e9, 1968, 107 p., 1 pl. (Collection Leb\u00e8gue, 7<sup>e<\/sup> s\u00e9rie, n\u00b0 74)\u00a0; nouv. \u00e9d. (posthume)\u00a0: Paris, Trism\u00e9giste, 1982, 107 p., 1 pl.<\/li>\n<li><strong><em>Fouilles en Egypte.<\/em><\/strong><strong> <em>El Kab. Impressions et souvenirs<\/em><\/strong>, Bruxelles, FERE, 1946, 180 p., fig., 1 carte.<\/li>\n<li><strong><em>Quelques observations sur la d\u00e9esse d\u2019El-Kab<\/em><\/strong><em>, <\/em>Bruxelles, FERE, 1946, 15 p.<\/li>\n<li><strong><em>Pour faire aimer l\u2019art \u00e9gyptien<\/em><\/strong><em>,<\/em> Bruxelles, FERE, 1949, 78 p., 80 fig. Publication posthume.<\/li>\n<li><strong><em>Causeries sur l\u2019art \u00e9gyptien<\/em><\/strong><em>,<\/em> Bruxelles, FERE, 1958, VIII-89 p., 73 fig. Publication posthume.<\/li>\n<\/ul>\n<p>&nbsp;<\/p>\n","protected":false},"excerpt":{"rendered":"<p>\u00a0 Recueil de monuments \u00e9gyptiens, 1\u00e8re s\u00e9rie, Bruxelles, 1902, 102 p., 50 pl.\u00a0; 2e s\u00e9rie, Bruxelles, 1905, 118 p. et 50 pl. Les Origines de l\u2019Art et l\u2019Art oriental. I. Les Origines de l\u2019art et l\u2019art \u00e9gyptien, Bruxelles, 1903, 63 p.\u00a0; 2e \u00e9d., Bruxelles, s.d. 48 p.\u00a0; L\u2019Art oriental hors d\u2019Egypte, Bruxelles, 1904-1905, 72 p.&nbsp; <a href=\"https:\/\/aere-egke.be\/nl\/wie-zijn-wij\/bibliografie-van-jean-capart\/\">&hellip; Read more <i class=\"glyphicon glyphicon-arrow-right\"><\/i><\/a><\/p>\n","protected":false},"author":3,"featured_media":0,"parent":2771,"menu_order":5,"comment_status":"closed","ping_status":"closed","template":"subpage.php","meta":{"_acf_changed":false,"footnotes":""},"class_list":["post-2780","page","type-page","status-publish","hentry"],"acf":[],"yoast_head":"<!-- This site is optimized with the Yoast SEO plugin v27.5 - https:\/\/yoast.com\/product\/yoast-seo-wordpress\/ -->\n<title>Bibliografie van Jean Capart - AERE - EGKE<\/title>\n<meta name=\"description\" content=\"Ontdek de boeken van Jean Capart, essentieel voor het begrip van de Belgische egyptologie. Enkele tientallen opmerkelijke titels door hem geschreven.\" \/>\n<meta name=\"robots\" content=\"index, follow, max-snippet:-1, max-image-preview:large, max-video-preview:-1\" \/>\n<link rel=\"canonical\" href=\"https:\/\/aere-egke.be\/nl\/wie-zijn-wij\/bibliografie-van-jean-capart\/\" \/>\n<meta property=\"og:locale\" content=\"nl_NL\" \/>\n<meta property=\"og:type\" content=\"article\" \/>\n<meta property=\"og:title\" content=\"Bibliografie van Jean Capart - AERE - EGKE\" \/>\n<meta property=\"og:description\" content=\"Ontdek de boeken van Jean Capart, essentieel voor het begrip van de Belgische egyptologie. Enkele tientallen opmerkelijke titels door hem geschreven.\" \/>\n<meta property=\"og:url\" content=\"https:\/\/aere-egke.be\/nl\/wie-zijn-wij\/bibliografie-van-jean-capart\/\" \/>\n<meta property=\"og:site_name\" content=\"AERE - EGKE\" \/>\n<meta property=\"article:modified_time\" content=\"2025-05-20T18:00:01+00:00\" \/>\n<meta name=\"twitter:card\" content=\"summary_large_image\" \/>\n<meta name=\"twitter:label1\" content=\"Geschatte leestijd\" \/>\n\t<meta name=\"twitter:data1\" content=\"9 minuten\" \/>\n<script type=\"application\/ld+json\" class=\"yoast-schema-graph\">{\"@context\":\"https:\\\/\\\/schema.org\",\"@graph\":[{\"@type\":\"WebPage\",\"@id\":\"https:\\\/\\\/aere-egke.be\\\/nl\\\/wie-zijn-wij\\\/bibliografie-van-jean-capart\\\/\",\"url\":\"https:\\\/\\\/aere-egke.be\\\/nl\\\/wie-zijn-wij\\\/bibliografie-van-jean-capart\\\/\",\"name\":\"Bibliografie van Jean Capart - AERE - EGKE\",\"isPartOf\":{\"@id\":\"https:\\\/\\\/aere-egke.be\\\/nl\\\/#website\"},\"datePublished\":\"2017-09-11T12:46:42+00:00\",\"dateModified\":\"2025-05-20T18:00:01+00:00\",\"description\":\"Ontdek de boeken van Jean Capart, essentieel voor het begrip van de Belgische egyptologie. Enkele tientallen opmerkelijke titels door hem geschreven.\",\"breadcrumb\":{\"@id\":\"https:\\\/\\\/aere-egke.be\\\/nl\\\/wie-zijn-wij\\\/bibliografie-van-jean-capart\\\/#breadcrumb\"},\"inLanguage\":\"nl-NL\",\"potentialAction\":[{\"@type\":\"ReadAction\",\"target\":[\"https:\\\/\\\/aere-egke.be\\\/nl\\\/wie-zijn-wij\\\/bibliografie-van-jean-capart\\\/\"]}]},{\"@type\":\"BreadcrumbList\",\"@id\":\"https:\\\/\\\/aere-egke.be\\\/nl\\\/wie-zijn-wij\\\/bibliografie-van-jean-capart\\\/#breadcrumb\",\"itemListElement\":[{\"@type\":\"ListItem\",\"position\":1,\"name\":\"Accueil\",\"item\":\"https:\\\/\\\/aere-egke.be\\\/nl\\\/\"},{\"@type\":\"ListItem\",\"position\":2,\"name\":\"Wie zijn wij\",\"item\":\"https:\\\/\\\/aere-egke.be\\\/nl\\\/wie-zijn-wij\\\/\"},{\"@type\":\"ListItem\",\"position\":3,\"name\":\"Bibliografie van Jean Capart\"}]},{\"@type\":\"WebSite\",\"@id\":\"https:\\\/\\\/aere-egke.be\\\/nl\\\/#website\",\"url\":\"https:\\\/\\\/aere-egke.be\\\/nl\\\/\",\"name\":\"AERE - EGKE\",\"description\":\"Promouvoir la recherche \u00e9gyptologique et papyrologique en Belgique.\",\"publisher\":{\"@id\":\"https:\\\/\\\/aere-egke.be\\\/nl\\\/#organization\"},\"potentialAction\":[{\"@type\":\"SearchAction\",\"target\":{\"@type\":\"EntryPoint\",\"urlTemplate\":\"https:\\\/\\\/aere-egke.be\\\/nl\\\/?s={search_term_string}\"},\"query-input\":{\"@type\":\"PropertyValueSpecification\",\"valueRequired\":true,\"valueName\":\"search_term_string\"}}],\"inLanguage\":\"nl-NL\"},{\"@type\":\"Organization\",\"@id\":\"https:\\\/\\\/aere-egke.be\\\/nl\\\/#organization\",\"name\":\"Fonds Jean Capart\",\"url\":\"https:\\\/\\\/aere-egke.be\\\/nl\\\/\",\"logo\":{\"@type\":\"ImageObject\",\"inLanguage\":\"nl-NL\",\"@id\":\"https:\\\/\\\/aere-egke.be\\\/nl\\\/#\\\/schema\\\/logo\\\/image\\\/\",\"url\":\"https:\\\/\\\/seraphine.work\\\/wp-content\\\/uploads\\\/2017\\\/10\\\/logo_Fonds_JCapart-1.jpg\",\"contentUrl\":\"https:\\\/\\\/seraphine.work\\\/wp-content\\\/uploads\\\/2017\\\/10\\\/logo_Fonds_JCapart-1.jpg\",\"width\":1789,\"height\":456,\"caption\":\"Fonds Jean Capart\"},\"image\":{\"@id\":\"https:\\\/\\\/aere-egke.be\\\/nl\\\/#\\\/schema\\\/logo\\\/image\\\/\"}}]}<\/script>\n<!-- \/ Yoast SEO plugin. -->","yoast_head_json":{"title":"Bibliografie van Jean Capart - AERE - EGKE","description":"Ontdek de boeken van Jean Capart, essentieel voor het begrip van de Belgische egyptologie. Enkele tientallen opmerkelijke titels door hem geschreven.","robots":{"index":"index","follow":"follow","max-snippet":"max-snippet:-1","max-image-preview":"max-image-preview:large","max-video-preview":"max-video-preview:-1"},"canonical":"https:\/\/aere-egke.be\/nl\/wie-zijn-wij\/bibliografie-van-jean-capart\/","og_locale":"nl_NL","og_type":"article","og_title":"Bibliografie van Jean Capart - AERE - EGKE","og_description":"Ontdek de boeken van Jean Capart, essentieel voor het begrip van de Belgische egyptologie. Enkele tientallen opmerkelijke titels door hem geschreven.","og_url":"https:\/\/aere-egke.be\/nl\/wie-zijn-wij\/bibliografie-van-jean-capart\/","og_site_name":"AERE - EGKE","article_modified_time":"2025-05-20T18:00:01+00:00","twitter_card":"summary_large_image","twitter_misc":{"Geschatte leestijd":"9 minuten"},"schema":{"@context":"https:\/\/schema.org","@graph":[{"@type":"WebPage","@id":"https:\/\/aere-egke.be\/nl\/wie-zijn-wij\/bibliografie-van-jean-capart\/","url":"https:\/\/aere-egke.be\/nl\/wie-zijn-wij\/bibliografie-van-jean-capart\/","name":"Bibliografie van Jean Capart - AERE - EGKE","isPartOf":{"@id":"https:\/\/aere-egke.be\/nl\/#website"},"datePublished":"2017-09-11T12:46:42+00:00","dateModified":"2025-05-20T18:00:01+00:00","description":"Ontdek de boeken van Jean Capart, essentieel voor het begrip van de Belgische egyptologie. Enkele tientallen opmerkelijke titels door hem geschreven.","breadcrumb":{"@id":"https:\/\/aere-egke.be\/nl\/wie-zijn-wij\/bibliografie-van-jean-capart\/#breadcrumb"},"inLanguage":"nl-NL","potentialAction":[{"@type":"ReadAction","target":["https:\/\/aere-egke.be\/nl\/wie-zijn-wij\/bibliografie-van-jean-capart\/"]}]},{"@type":"BreadcrumbList","@id":"https:\/\/aere-egke.be\/nl\/wie-zijn-wij\/bibliografie-van-jean-capart\/#breadcrumb","itemListElement":[{"@type":"ListItem","position":1,"name":"Accueil","item":"https:\/\/aere-egke.be\/nl\/"},{"@type":"ListItem","position":2,"name":"Wie zijn wij","item":"https:\/\/aere-egke.be\/nl\/wie-zijn-wij\/"},{"@type":"ListItem","position":3,"name":"Bibliografie van Jean Capart"}]},{"@type":"WebSite","@id":"https:\/\/aere-egke.be\/nl\/#website","url":"https:\/\/aere-egke.be\/nl\/","name":"AERE - EGKE","description":"Promouvoir la recherche \u00e9gyptologique et papyrologique en Belgique.","publisher":{"@id":"https:\/\/aere-egke.be\/nl\/#organization"},"potentialAction":[{"@type":"SearchAction","target":{"@type":"EntryPoint","urlTemplate":"https:\/\/aere-egke.be\/nl\/?s={search_term_string}"},"query-input":{"@type":"PropertyValueSpecification","valueRequired":true,"valueName":"search_term_string"}}],"inLanguage":"nl-NL"},{"@type":"Organization","@id":"https:\/\/aere-egke.be\/nl\/#organization","name":"Fonds Jean Capart","url":"https:\/\/aere-egke.be\/nl\/","logo":{"@type":"ImageObject","inLanguage":"nl-NL","@id":"https:\/\/aere-egke.be\/nl\/#\/schema\/logo\/image\/","url":"https:\/\/seraphine.work\/wp-content\/uploads\/2017\/10\/logo_Fonds_JCapart-1.jpg","contentUrl":"https:\/\/seraphine.work\/wp-content\/uploads\/2017\/10\/logo_Fonds_JCapart-1.jpg","width":1789,"height":456,"caption":"Fonds Jean Capart"},"image":{"@id":"https:\/\/aere-egke.be\/nl\/#\/schema\/logo\/image\/"}}]}},"_links":{"self":[{"href":"https:\/\/aere-egke.be\/nl\/wp-json\/wp\/v2\/pages\/2780","targetHints":{"allow":["GET"]}}],"collection":[{"href":"https:\/\/aere-egke.be\/nl\/wp-json\/wp\/v2\/pages"}],"about":[{"href":"https:\/\/aere-egke.be\/nl\/wp-json\/wp\/v2\/types\/page"}],"author":[{"embeddable":true,"href":"https:\/\/aere-egke.be\/nl\/wp-json\/wp\/v2\/users\/3"}],"replies":[{"embeddable":true,"href":"https:\/\/aere-egke.be\/nl\/wp-json\/wp\/v2\/comments?post=2780"}],"version-history":[{"count":2,"href":"https:\/\/aere-egke.be\/nl\/wp-json\/wp\/v2\/pages\/2780\/revisions"}],"predecessor-version":[{"id":3005,"href":"https:\/\/aere-egke.be\/nl\/wp-json\/wp\/v2\/pages\/2780\/revisions\/3005"}],"up":[{"embeddable":true,"href":"https:\/\/aere-egke.be\/nl\/wp-json\/wp\/v2\/pages\/2771"}],"wp:attachment":[{"href":"https:\/\/aere-egke.be\/nl\/wp-json\/wp\/v2\/media?parent=2780"}],"curies":[{"name":"wp","href":"https:\/\/api.w.org\/{rel}","templated":true}]}}