{"id":2777,"date":"2017-09-11T14:46:27","date_gmt":"2017-09-11T12:46:27","guid":{"rendered":"https:\/\/aere-egke.be\/biografie\/"},"modified":"2025-05-20T18:55:28","modified_gmt":"2025-05-20T16:55:28","slug":"biografie-van-jen-capart","status":"publish","type":"page","link":"https:\/\/aere-egke.be\/nl\/wie-zijn-wij\/biografie-van-jen-capart\/","title":{"rendered":"Biografie van Jean Capart"},"content":{"rendered":"<p>JEAN CAPART (1877-1947)<\/p>\n<p>Van kindsbeen af, verslindt Jean, koppig maar slim, al wat verschijnt over het Oude Egypte. Na een doctoraat in de rechten studeert hij egyptologie aan verschillende Europese universiteiten waar hij bevriend raakt met de grootste geleerden van zijn tijd, van de Engelsman William Flinders Petrie tot de Fransman Gaston Maspero.<\/p>\n<p>In 1902, op 25-jarige leeftijd, vertrouwt de Universiteit van Luik hem de eerste Belgische academische leerstoel in egyptologie toe. Als enthousiaste en vlotte spreker geeft de jonge professor naast zijn \u2018hoger onderwijs\u2019 ook lezingen voor het bredere publiek. Hij begint dan de wereld rond te trekken met een koffertje glasdia\u2019s in de hand. Zijn passie voor het Oude Egypte, en meer bepaald voor de Egyptische kunst, blijkt overduidelijk uit zijn \u2018radio gesprekken\u2019 die hij aan beide kanten van de Atlantische oceaan geeft, evenals in zijn ontelbare publicaties, zowel wetenschappelijke als vulgariserende, waarvan hij auteur of uitgever is.<\/p>\n<p>In 1907 organiseert hij de eerste Belgische archeologische opgravingen in Egypte. Dertig jaar later zet hij zijn zinnen op Elkab, de oude religieuze hoofdstad van Boven\u2013 Egypte, waarvan hij de hoofdbestemming maakt voor de Belgische archeologen in Egypte. Maar het is in Brussel, in het Jubelparkmuseum, dat zich het overgrote deel van zijn loopbaan afspeelt tussen 1897 en 1947. Hij gaat er alle uitdagingen aan, te beginnen met de leiding van zowel de Koninklijke Musea voor Kunst en Geschiedenis als de Egyptologische Stichting Koningin Elisabeth. Onder zijn impuls neemt het Jubelparkmuseum zijn huidige vorm aan en beginnen de collecties aanzienlijk te groeien. Als organisator van internationale bijeenkomsten, maakt hij van Brussel, zijn geboortestad, de Europese hoofdstad van de egyptologie en de papyrologie.<\/p>\n<p>Alsof dit nog niet voldoende was, neemt zijn carri\u00e8re bovendien een internationale wending: de Amerikanen doen een beroep op hem om de Egyptische afdeling van het Brooklyn Museum in New York te herorganiseren, de Engelsen benoemen hem tot Honorary Vice-President of the Egypt Exploration Society van Londen, en de Denen vertrouwen hem het voorzitterschap toe van de Internationale Associatie van Egyptologen.<\/p>\n<p>Wanneer hij in 1947 overlijdt, op 70-jarige leeftijd, laat Jean Capart een toegewijde echtgenote achter, evenals een pira- mide van kinderen en kleinkinderen, van vrienden en leerlingen, van bloeiende instellingen, en een grandioos wetenschappelijk en literair oeuvre dat aan de basis ligt van meer dan \u00e9\u00e9n roeping. Hij wordt dan ook unaniem erkend als de grondlegger van de egyptologie in Belgi\u00eb en als \u00e9\u00e9n van de grootste kunsthistorici van de 20ste eeuw.<\/p>\n","protected":false},"excerpt":{"rendered":"<p>JEAN CAPART (1877-1947) Van kindsbeen af, verslindt Jean, koppig maar slim, al wat verschijnt over het Oude Egypte. Na een doctoraat in de rechten studeert hij egyptologie aan verschillende Europese universiteiten waar hij bevriend raakt met de grootste geleerden van zijn tijd, van de Engelsman William Flinders Petrie tot de Fransman Gaston Maspero. In 1902,&nbsp; <a href=\"https:\/\/aere-egke.be\/nl\/wie-zijn-wij\/biografie-van-jen-capart\/\">&hellip; Read more <i class=\"glyphicon glyphicon-arrow-right\"><\/i><\/a><\/p>\n","protected":false},"author":3,"featured_media":0,"parent":2771,"menu_order":4,"comment_status":"closed","ping_status":"closed","template":"subpage.php","meta":{"_acf_changed":false,"footnotes":""},"class_list":["post-2777","page","type-page","status-publish","hentry"],"acf":[],"yoast_head":"<!-- This site is optimized with the Yoast SEO plugin v27.5 - https:\/\/yoast.com\/product\/yoast-seo-wordpress\/ -->\n<title>Biografie van Jean Capart - AERE - EGKE<\/title>\n<meta name=\"description\" content=\"Leven en werk van Jean Capart, grondlegger van de Belgische egyptologie en een van de grootste kunsthistorici van de 20e eeuw.\" \/>\n<meta name=\"robots\" content=\"index, follow, max-snippet:-1, max-image-preview:large, max-video-preview:-1\" \/>\n<link rel=\"canonical\" href=\"https:\/\/aere-egke.be\/nl\/wie-zijn-wij\/biografie-van-jen-capart\/\" \/>\n<meta property=\"og:locale\" content=\"nl_NL\" \/>\n<meta property=\"og:type\" content=\"article\" \/>\n<meta property=\"og:title\" content=\"Biografie van Jean Capart - AERE - EGKE\" \/>\n<meta property=\"og:description\" content=\"Leven en werk van Jean Capart, grondlegger van de Belgische egyptologie en een van de grootste kunsthistorici van de 20e eeuw.\" \/>\n<meta property=\"og:url\" content=\"https:\/\/aere-egke.be\/nl\/wie-zijn-wij\/biografie-van-jen-capart\/\" \/>\n<meta property=\"og:site_name\" content=\"AERE - EGKE\" \/>\n<meta property=\"article:modified_time\" content=\"2025-05-20T16:55:28+00:00\" \/>\n<meta name=\"twitter:card\" content=\"summary_large_image\" \/>\n<meta name=\"twitter:label1\" content=\"Geschatte leestijd\" \/>\n\t<meta name=\"twitter:data1\" content=\"3 minuten\" \/>\n<script type=\"application\/ld+json\" class=\"yoast-schema-graph\">{\"@context\":\"https:\\\/\\\/schema.org\",\"@graph\":[{\"@type\":\"WebPage\",\"@id\":\"https:\\\/\\\/aere-egke.be\\\/nl\\\/wie-zijn-wij\\\/biografie-van-jen-capart\\\/\",\"url\":\"https:\\\/\\\/aere-egke.be\\\/nl\\\/wie-zijn-wij\\\/biografie-van-jen-capart\\\/\",\"name\":\"Biografie van Jean Capart - AERE - EGKE\",\"isPartOf\":{\"@id\":\"https:\\\/\\\/aere-egke.be\\\/nl\\\/#website\"},\"datePublished\":\"2017-09-11T12:46:27+00:00\",\"dateModified\":\"2025-05-20T16:55:28+00:00\",\"description\":\"Leven en werk van Jean Capart, grondlegger van de Belgische egyptologie en een van de grootste kunsthistorici van de 20e eeuw.\",\"breadcrumb\":{\"@id\":\"https:\\\/\\\/aere-egke.be\\\/nl\\\/wie-zijn-wij\\\/biografie-van-jen-capart\\\/#breadcrumb\"},\"inLanguage\":\"nl-NL\",\"potentialAction\":[{\"@type\":\"ReadAction\",\"target\":[\"https:\\\/\\\/aere-egke.be\\\/nl\\\/wie-zijn-wij\\\/biografie-van-jen-capart\\\/\"]}]},{\"@type\":\"BreadcrumbList\",\"@id\":\"https:\\\/\\\/aere-egke.be\\\/nl\\\/wie-zijn-wij\\\/biografie-van-jen-capart\\\/#breadcrumb\",\"itemListElement\":[{\"@type\":\"ListItem\",\"position\":1,\"name\":\"Accueil\",\"item\":\"https:\\\/\\\/aere-egke.be\\\/nl\\\/\"},{\"@type\":\"ListItem\",\"position\":2,\"name\":\"Wie zijn wij\",\"item\":\"https:\\\/\\\/aere-egke.be\\\/nl\\\/wie-zijn-wij\\\/\"},{\"@type\":\"ListItem\",\"position\":3,\"name\":\"Biografie van Jean Capart\"}]},{\"@type\":\"WebSite\",\"@id\":\"https:\\\/\\\/aere-egke.be\\\/nl\\\/#website\",\"url\":\"https:\\\/\\\/aere-egke.be\\\/nl\\\/\",\"name\":\"AERE - EGKE\",\"description\":\"Promouvoir la recherche \u00e9gyptologique et papyrologique en Belgique.\",\"publisher\":{\"@id\":\"https:\\\/\\\/aere-egke.be\\\/nl\\\/#organization\"},\"potentialAction\":[{\"@type\":\"SearchAction\",\"target\":{\"@type\":\"EntryPoint\",\"urlTemplate\":\"https:\\\/\\\/aere-egke.be\\\/nl\\\/?s={search_term_string}\"},\"query-input\":{\"@type\":\"PropertyValueSpecification\",\"valueRequired\":true,\"valueName\":\"search_term_string\"}}],\"inLanguage\":\"nl-NL\"},{\"@type\":\"Organization\",\"@id\":\"https:\\\/\\\/aere-egke.be\\\/nl\\\/#organization\",\"name\":\"Fonds Jean Capart\",\"url\":\"https:\\\/\\\/aere-egke.be\\\/nl\\\/\",\"logo\":{\"@type\":\"ImageObject\",\"inLanguage\":\"nl-NL\",\"@id\":\"https:\\\/\\\/aere-egke.be\\\/nl\\\/#\\\/schema\\\/logo\\\/image\\\/\",\"url\":\"https:\\\/\\\/seraphine.work\\\/wp-content\\\/uploads\\\/2017\\\/10\\\/logo_Fonds_JCapart-1.jpg\",\"contentUrl\":\"https:\\\/\\\/seraphine.work\\\/wp-content\\\/uploads\\\/2017\\\/10\\\/logo_Fonds_JCapart-1.jpg\",\"width\":1789,\"height\":456,\"caption\":\"Fonds Jean Capart\"},\"image\":{\"@id\":\"https:\\\/\\\/aere-egke.be\\\/nl\\\/#\\\/schema\\\/logo\\\/image\\\/\"}}]}<\/script>\n<!-- \/ Yoast SEO plugin. -->","yoast_head_json":{"title":"Biografie van Jean Capart - AERE - EGKE","description":"Leven en werk van Jean Capart, grondlegger van de Belgische egyptologie en een van de grootste kunsthistorici van de 20e eeuw.","robots":{"index":"index","follow":"follow","max-snippet":"max-snippet:-1","max-image-preview":"max-image-preview:large","max-video-preview":"max-video-preview:-1"},"canonical":"https:\/\/aere-egke.be\/nl\/wie-zijn-wij\/biografie-van-jen-capart\/","og_locale":"nl_NL","og_type":"article","og_title":"Biografie van Jean Capart - AERE - EGKE","og_description":"Leven en werk van Jean Capart, grondlegger van de Belgische egyptologie en een van de grootste kunsthistorici van de 20e eeuw.","og_url":"https:\/\/aere-egke.be\/nl\/wie-zijn-wij\/biografie-van-jen-capart\/","og_site_name":"AERE - EGKE","article_modified_time":"2025-05-20T16:55:28+00:00","twitter_card":"summary_large_image","twitter_misc":{"Geschatte leestijd":"3 minuten"},"schema":{"@context":"https:\/\/schema.org","@graph":[{"@type":"WebPage","@id":"https:\/\/aere-egke.be\/nl\/wie-zijn-wij\/biografie-van-jen-capart\/","url":"https:\/\/aere-egke.be\/nl\/wie-zijn-wij\/biografie-van-jen-capart\/","name":"Biografie van Jean Capart - AERE - EGKE","isPartOf":{"@id":"https:\/\/aere-egke.be\/nl\/#website"},"datePublished":"2017-09-11T12:46:27+00:00","dateModified":"2025-05-20T16:55:28+00:00","description":"Leven en werk van Jean Capart, grondlegger van de Belgische egyptologie en een van de grootste kunsthistorici van de 20e eeuw.","breadcrumb":{"@id":"https:\/\/aere-egke.be\/nl\/wie-zijn-wij\/biografie-van-jen-capart\/#breadcrumb"},"inLanguage":"nl-NL","potentialAction":[{"@type":"ReadAction","target":["https:\/\/aere-egke.be\/nl\/wie-zijn-wij\/biografie-van-jen-capart\/"]}]},{"@type":"BreadcrumbList","@id":"https:\/\/aere-egke.be\/nl\/wie-zijn-wij\/biografie-van-jen-capart\/#breadcrumb","itemListElement":[{"@type":"ListItem","position":1,"name":"Accueil","item":"https:\/\/aere-egke.be\/nl\/"},{"@type":"ListItem","position":2,"name":"Wie zijn wij","item":"https:\/\/aere-egke.be\/nl\/wie-zijn-wij\/"},{"@type":"ListItem","position":3,"name":"Biografie van Jean Capart"}]},{"@type":"WebSite","@id":"https:\/\/aere-egke.be\/nl\/#website","url":"https:\/\/aere-egke.be\/nl\/","name":"AERE - EGKE","description":"Promouvoir la recherche \u00e9gyptologique et papyrologique en Belgique.","publisher":{"@id":"https:\/\/aere-egke.be\/nl\/#organization"},"potentialAction":[{"@type":"SearchAction","target":{"@type":"EntryPoint","urlTemplate":"https:\/\/aere-egke.be\/nl\/?s={search_term_string}"},"query-input":{"@type":"PropertyValueSpecification","valueRequired":true,"valueName":"search_term_string"}}],"inLanguage":"nl-NL"},{"@type":"Organization","@id":"https:\/\/aere-egke.be\/nl\/#organization","name":"Fonds Jean Capart","url":"https:\/\/aere-egke.be\/nl\/","logo":{"@type":"ImageObject","inLanguage":"nl-NL","@id":"https:\/\/aere-egke.be\/nl\/#\/schema\/logo\/image\/","url":"https:\/\/seraphine.work\/wp-content\/uploads\/2017\/10\/logo_Fonds_JCapart-1.jpg","contentUrl":"https:\/\/seraphine.work\/wp-content\/uploads\/2017\/10\/logo_Fonds_JCapart-1.jpg","width":1789,"height":456,"caption":"Fonds Jean Capart"},"image":{"@id":"https:\/\/aere-egke.be\/nl\/#\/schema\/logo\/image\/"}}]}},"_links":{"self":[{"href":"https:\/\/aere-egke.be\/nl\/wp-json\/wp\/v2\/pages\/2777","targetHints":{"allow":["GET"]}}],"collection":[{"href":"https:\/\/aere-egke.be\/nl\/wp-json\/wp\/v2\/pages"}],"about":[{"href":"https:\/\/aere-egke.be\/nl\/wp-json\/wp\/v2\/types\/page"}],"author":[{"embeddable":true,"href":"https:\/\/aere-egke.be\/nl\/wp-json\/wp\/v2\/users\/3"}],"replies":[{"embeddable":true,"href":"https:\/\/aere-egke.be\/nl\/wp-json\/wp\/v2\/comments?post=2777"}],"version-history":[{"count":2,"href":"https:\/\/aere-egke.be\/nl\/wp-json\/wp\/v2\/pages\/2777\/revisions"}],"predecessor-version":[{"id":3004,"href":"https:\/\/aere-egke.be\/nl\/wp-json\/wp\/v2\/pages\/2777\/revisions\/3004"}],"up":[{"embeddable":true,"href":"https:\/\/aere-egke.be\/nl\/wp-json\/wp\/v2\/pages\/2771"}],"wp:attachment":[{"href":"https:\/\/aere-egke.be\/nl\/wp-json\/wp\/v2\/media?parent=2777"}],"curies":[{"name":"wp","href":"https:\/\/api.w.org\/{rel}","templated":true}]}}