{"id":2815,"date":"2017-10-23T22:13:05","date_gmt":"2017-10-23T20:13:05","guid":{"rendered":"https:\/\/aere-egke.be\/committee-of-experts\/"},"modified":"2026-04-17T14:37:21","modified_gmt":"2026-04-17T12:37:21","slug":"members-of-the-board-of-the-aere-egke","status":"publish","type":"page","link":"https:\/\/aere-egke.be\/en\/about_us\/members-of-the-board-of-the-aere-egke\/","title":{"rendered":"The board of AERE"},"content":{"rendered":"<ul>\n<li><b>Board :<\/b><br \/>\n<table border=\"0\" width=\"100%\" cellspacing=\"0\" cellpadding=\"0\">\n<tbody>\n<tr>\n<td width=\"200\"><strong>President<\/strong><\/td>\n<td>Gilles Capart<\/td>\n<\/tr>\n<tr>\n<td><strong>Director<\/strong><\/td>\n<td>Alain DELATTRE<\/td>\n<\/tr>\n<tr>\n<td><strong>Director<\/strong><\/td>\n<td>Ren\u00e9 PREYS<\/td>\n<\/tr>\n<tr>\n<td><strong>Treasurer<\/strong><\/td>\n<td><\/td>\n<\/tr>\n<tr>\n<td><strong>Secretary<\/strong><\/td>\n<td>Alain MARTIN<\/td>\n<\/tr>\n<tr>\n<td><strong>Executive secretary<\/strong><\/td>\n<td>Athena VAN DER PERRE<\/td>\n<\/tr>\n<\/tbody>\n<\/table>\n<p>&nbsp;<\/p>\n<table border=\"0\" width=\"100%\" cellspacing=\"0\" cellpadding=\"0\">\n<tbody>\n<tr>\n<td width=\"200\"><strong>Board members<\/strong><\/td>\n<td>Laurent BAVAY<\/td>\n<\/tr>\n<tr>\n<td><\/td>\n<td><\/td>\n<\/tr>\n<tr>\n<td><\/td>\n<td>Eric GUBEL<\/td>\n<\/tr>\n<tr>\n<td><\/td>\n<td>Denyse HOM\u00c8S-FREDERICQ<\/td>\n<\/tr>\n<tr>\n<td><\/td>\n<td>Fran\u00e7oise LABRIQUE<\/td>\n<\/tr>\n<tr>\n<td><\/td>\n<td><\/td>\n<\/tr>\n<tr>\n<td><\/td>\n<td>Marie-H\u00e9l\u00e8ne MARGANNE<\/td>\n<\/tr>\n<tr>\n<td><\/td>\n<td>Katelijn VANDORPE<\/td>\n<\/tr>\n<tr>\n<td><\/td>\n<td>Harco WILLEMS<\/td>\n<\/tr>\n<tr>\n<td><\/td>\n<td>Jean WINAND<\/td>\n<\/tr>\n<\/tbody>\n<\/table>\n<\/li>\n<\/ul>\n<p>Annual reports<\/p>\n<ul>\n<li><a href=\"https:\/\/aere-egke.be\/wp-content\/uploads\/2025\/09\/Rapport-annuel-AERE-2024.pdf\">Rapport annuel AERE 2024<\/a><\/li>\n<li><a href=\"https:\/\/aere-egke.be\/wp-content\/uploads\/2025\/09\/Jaarverslag-AERE-2024.pdf\">Jaarverslag AERE 2024<\/a><\/li>\n<\/ul>\n","protected":false},"excerpt":{"rendered":"<p>Board : President Gilles Capart Director Alain DELATTRE Director Ren\u00e9 PREYS Treasurer Secretary Alain MARTIN Executive secretary Athena VAN DER PERRE &nbsp; Board members Laurent BAVAY Eric GUBEL Denyse HOM\u00c8S-FREDERICQ Fran\u00e7oise LABRIQUE Marie-H\u00e9l\u00e8ne MARGANNE Katelijn VANDORPE Harco WILLEMS Jean WINAND Annual reports Rapport annuel AERE 2024 Jaarverslag AERE 2024<\/p>\n","protected":false},"author":3,"featured_media":0,"parent":2770,"menu_order":1,"comment_status":"closed","ping_status":"closed","template":"subpage.php","meta":{"_acf_changed":false,"footnotes":""},"class_list":["post-2815","page","type-page","status-publish","hentry"],"acf":[],"yoast_head":"<!-- This site is optimized with the Yoast SEO plugin v27.5 - https:\/\/yoast.com\/product\/yoast-seo-wordpress\/ -->\n<title>The board of AERE - AERE - EGKE<\/title>\n<meta name=\"description\" content=\"Meet the Council members of the Association \u00c9gyptologique Reine \u00c9lisabeth and their commitment to Belgian Egyptology.\" \/>\n<meta name=\"robots\" content=\"index, follow, max-snippet:-1, max-image-preview:large, max-video-preview:-1\" \/>\n<link rel=\"canonical\" href=\"https:\/\/aere-egke.be\/en\/about_us\/members-of-the-board-of-the-aere-egke\/\" \/>\n<meta property=\"og:locale\" content=\"en_US\" \/>\n<meta property=\"og:type\" content=\"article\" \/>\n<meta property=\"og:title\" content=\"The board of AERE - AERE - EGKE\" \/>\n<meta property=\"og:description\" content=\"Meet the Council members of the Association \u00c9gyptologique Reine \u00c9lisabeth and their commitment to Belgian Egyptology.\" \/>\n<meta property=\"og:url\" content=\"https:\/\/aere-egke.be\/en\/about_us\/members-of-the-board-of-the-aere-egke\/\" \/>\n<meta property=\"og:site_name\" content=\"AERE - EGKE\" \/>\n<meta property=\"article:modified_time\" content=\"2026-04-17T12:37:21+00:00\" \/>\n<meta name=\"twitter:card\" content=\"summary_large_image\" \/>\n<meta name=\"twitter:label1\" content=\"Est. reading time\" \/>\n\t<meta name=\"twitter:data1\" content=\"1 minute\" \/>\n<script type=\"application\/ld+json\" class=\"yoast-schema-graph\">{\"@context\":\"https:\\\/\\\/schema.org\",\"@graph\":[{\"@type\":\"WebPage\",\"@id\":\"https:\\\/\\\/aere-egke.be\\\/en\\\/about_us\\\/members-of-the-board-of-the-aere-egke\\\/\",\"url\":\"https:\\\/\\\/aere-egke.be\\\/en\\\/about_us\\\/members-of-the-board-of-the-aere-egke\\\/\",\"name\":\"The board of AERE - AERE - EGKE\",\"isPartOf\":{\"@id\":\"https:\\\/\\\/aere-egke.be\\\/en\\\/#website\"},\"datePublished\":\"2017-10-23T20:13:05+00:00\",\"dateModified\":\"2026-04-17T12:37:21+00:00\",\"description\":\"Meet the Council members of the Association \u00c9gyptologique Reine \u00c9lisabeth and their commitment to Belgian Egyptology.\",\"breadcrumb\":{\"@id\":\"https:\\\/\\\/aere-egke.be\\\/en\\\/about_us\\\/members-of-the-board-of-the-aere-egke\\\/#breadcrumb\"},\"inLanguage\":\"en-US\",\"potentialAction\":[{\"@type\":\"ReadAction\",\"target\":[\"https:\\\/\\\/aere-egke.be\\\/en\\\/about_us\\\/members-of-the-board-of-the-aere-egke\\\/\"]}]},{\"@type\":\"BreadcrumbList\",\"@id\":\"https:\\\/\\\/aere-egke.be\\\/en\\\/about_us\\\/members-of-the-board-of-the-aere-egke\\\/#breadcrumb\",\"itemListElement\":[{\"@type\":\"ListItem\",\"position\":1,\"name\":\"Accueil\",\"item\":\"https:\\\/\\\/aere-egke.be\\\/en\\\/\"},{\"@type\":\"ListItem\",\"position\":2,\"name\":\"About us\",\"item\":\"https:\\\/\\\/aere-egke.be\\\/en\\\/about_us\\\/\"},{\"@type\":\"ListItem\",\"position\":3,\"name\":\"The board of AERE\"}]},{\"@type\":\"WebSite\",\"@id\":\"https:\\\/\\\/aere-egke.be\\\/en\\\/#website\",\"url\":\"https:\\\/\\\/aere-egke.be\\\/en\\\/\",\"name\":\"AERE - EGKE\",\"description\":\"Promouvoir la recherche \u00e9gyptologique et papyrologique en Belgique.\",\"publisher\":{\"@id\":\"https:\\\/\\\/aere-egke.be\\\/en\\\/#organization\"},\"potentialAction\":[{\"@type\":\"SearchAction\",\"target\":{\"@type\":\"EntryPoint\",\"urlTemplate\":\"https:\\\/\\\/aere-egke.be\\\/en\\\/?s={search_term_string}\"},\"query-input\":{\"@type\":\"PropertyValueSpecification\",\"valueRequired\":true,\"valueName\":\"search_term_string\"}}],\"inLanguage\":\"en-US\"},{\"@type\":\"Organization\",\"@id\":\"https:\\\/\\\/aere-egke.be\\\/en\\\/#organization\",\"name\":\"Fonds Jean Capart\",\"url\":\"https:\\\/\\\/aere-egke.be\\\/en\\\/\",\"logo\":{\"@type\":\"ImageObject\",\"inLanguage\":\"en-US\",\"@id\":\"https:\\\/\\\/aere-egke.be\\\/en\\\/#\\\/schema\\\/logo\\\/image\\\/\",\"url\":\"https:\\\/\\\/seraphine.work\\\/wp-content\\\/uploads\\\/2017\\\/10\\\/logo_Fonds_JCapart-1.jpg\",\"contentUrl\":\"https:\\\/\\\/seraphine.work\\\/wp-content\\\/uploads\\\/2017\\\/10\\\/logo_Fonds_JCapart-1.jpg\",\"width\":1789,\"height\":456,\"caption\":\"Fonds Jean Capart\"},\"image\":{\"@id\":\"https:\\\/\\\/aere-egke.be\\\/en\\\/#\\\/schema\\\/logo\\\/image\\\/\"}}]}<\/script>\n<!-- \/ Yoast SEO plugin. -->","yoast_head_json":{"title":"The board of AERE - AERE - EGKE","description":"Meet the Council members of the Association \u00c9gyptologique Reine \u00c9lisabeth and their commitment to Belgian Egyptology.","robots":{"index":"index","follow":"follow","max-snippet":"max-snippet:-1","max-image-preview":"max-image-preview:large","max-video-preview":"max-video-preview:-1"},"canonical":"https:\/\/aere-egke.be\/en\/about_us\/members-of-the-board-of-the-aere-egke\/","og_locale":"en_US","og_type":"article","og_title":"The board of AERE - AERE - EGKE","og_description":"Meet the Council members of the Association \u00c9gyptologique Reine \u00c9lisabeth and their commitment to Belgian Egyptology.","og_url":"https:\/\/aere-egke.be\/en\/about_us\/members-of-the-board-of-the-aere-egke\/","og_site_name":"AERE - EGKE","article_modified_time":"2026-04-17T12:37:21+00:00","twitter_card":"summary_large_image","twitter_misc":{"Est. reading time":"1 minute"},"schema":{"@context":"https:\/\/schema.org","@graph":[{"@type":"WebPage","@id":"https:\/\/aere-egke.be\/en\/about_us\/members-of-the-board-of-the-aere-egke\/","url":"https:\/\/aere-egke.be\/en\/about_us\/members-of-the-board-of-the-aere-egke\/","name":"The board of AERE - AERE - EGKE","isPartOf":{"@id":"https:\/\/aere-egke.be\/en\/#website"},"datePublished":"2017-10-23T20:13:05+00:00","dateModified":"2026-04-17T12:37:21+00:00","description":"Meet the Council members of the Association \u00c9gyptologique Reine \u00c9lisabeth and their commitment to Belgian Egyptology.","breadcrumb":{"@id":"https:\/\/aere-egke.be\/en\/about_us\/members-of-the-board-of-the-aere-egke\/#breadcrumb"},"inLanguage":"en-US","potentialAction":[{"@type":"ReadAction","target":["https:\/\/aere-egke.be\/en\/about_us\/members-of-the-board-of-the-aere-egke\/"]}]},{"@type":"BreadcrumbList","@id":"https:\/\/aere-egke.be\/en\/about_us\/members-of-the-board-of-the-aere-egke\/#breadcrumb","itemListElement":[{"@type":"ListItem","position":1,"name":"Accueil","item":"https:\/\/aere-egke.be\/en\/"},{"@type":"ListItem","position":2,"name":"About us","item":"https:\/\/aere-egke.be\/en\/about_us\/"},{"@type":"ListItem","position":3,"name":"The board of AERE"}]},{"@type":"WebSite","@id":"https:\/\/aere-egke.be\/en\/#website","url":"https:\/\/aere-egke.be\/en\/","name":"AERE - EGKE","description":"Promouvoir la recherche \u00e9gyptologique et papyrologique en Belgique.","publisher":{"@id":"https:\/\/aere-egke.be\/en\/#organization"},"potentialAction":[{"@type":"SearchAction","target":{"@type":"EntryPoint","urlTemplate":"https:\/\/aere-egke.be\/en\/?s={search_term_string}"},"query-input":{"@type":"PropertyValueSpecification","valueRequired":true,"valueName":"search_term_string"}}],"inLanguage":"en-US"},{"@type":"Organization","@id":"https:\/\/aere-egke.be\/en\/#organization","name":"Fonds Jean Capart","url":"https:\/\/aere-egke.be\/en\/","logo":{"@type":"ImageObject","inLanguage":"en-US","@id":"https:\/\/aere-egke.be\/en\/#\/schema\/logo\/image\/","url":"https:\/\/seraphine.work\/wp-content\/uploads\/2017\/10\/logo_Fonds_JCapart-1.jpg","contentUrl":"https:\/\/seraphine.work\/wp-content\/uploads\/2017\/10\/logo_Fonds_JCapart-1.jpg","width":1789,"height":456,"caption":"Fonds Jean Capart"},"image":{"@id":"https:\/\/aere-egke.be\/en\/#\/schema\/logo\/image\/"}}]}},"_links":{"self":[{"href":"https:\/\/aere-egke.be\/en\/wp-json\/wp\/v2\/pages\/2815","targetHints":{"allow":["GET"]}}],"collection":[{"href":"https:\/\/aere-egke.be\/en\/wp-json\/wp\/v2\/pages"}],"about":[{"href":"https:\/\/aere-egke.be\/en\/wp-json\/wp\/v2\/types\/page"}],"author":[{"embeddable":true,"href":"https:\/\/aere-egke.be\/en\/wp-json\/wp\/v2\/users\/3"}],"replies":[{"embeddable":true,"href":"https:\/\/aere-egke.be\/en\/wp-json\/wp\/v2\/comments?post=2815"}],"version-history":[{"count":9,"href":"https:\/\/aere-egke.be\/en\/wp-json\/wp\/v2\/pages\/2815\/revisions"}],"predecessor-version":[{"id":3931,"href":"https:\/\/aere-egke.be\/en\/wp-json\/wp\/v2\/pages\/2815\/revisions\/3931"}],"up":[{"embeddable":true,"href":"https:\/\/aere-egke.be\/en\/wp-json\/wp\/v2\/pages\/2770"}],"wp:attachment":[{"href":"https:\/\/aere-egke.be\/en\/wp-json\/wp\/v2\/media?parent=2815"}],"curies":[{"name":"wp","href":"https:\/\/api.w.org\/{rel}","templated":true}]}}