{"id":2791,"date":"2017-09-11T14:48:08","date_gmt":"2017-09-11T12:48:08","guid":{"rendered":"https:\/\/aere-egke.be\/towards-a-quadruple-birthday\/"},"modified":"2025-05-20T18:09:57","modified_gmt":"2025-05-20T16:09:57","slug":"history-of-the-queen-elizabeth-egyptological-association-aere-egke","status":"publish","type":"page","link":"https:\/\/aere-egke.be\/en\/about_us\/history-of-the-queen-elizabeth-egyptological-association-aere-egke\/","title":{"rendered":"The history of AERE"},"content":{"rendered":"<p><b>The history of AERE<\/b><\/p>\n<p id=\"indent\">The Association \u00c9gyptologique Reine \u00c9lisabeth (AERE), formerly the Fondation \u00c9gyptologique Reine \u00c9lisabeth, was officially established on 1 October 1923, on the initiative of Belgian Egyptologist Jean Capart (1877-1947). The main event leading to the formation of the Association was the visit of the Belgian Queen Elisabeth to Tutankhamun&#8217;s tomb earlier that year, more precisely on 18 February 1923.<br \/>\nCapart was to take charge of the day-to-day management of the Society until his death in 1947. He was succeeded by his close collaborator Marcelle Werbrouck (1889-1959).<br \/>\nThe aim of the Association was primarily to promote Egyptological and Papyrological research in Belgium. Over the years, the Society has grown into a scientific institution dedicated to the study of the history and culture of Pharaonic, Graeco-Roman, Christian and Arab Egypt.<br \/>\nSince its establishment in 1923, the seat of the AERE has been in the buildings of the Royal Museums of Art &amp; History in Brussels.<\/p>\n<p><b> Former directors:<br \/>\n<\/b><\/p>\n<p id=\"indent\">\u2022 Luc Limme (director 2011-2023)<br \/>\n\u2022 Alain Martin (director 2002-2023, Secretary 2023-&#8230;)<br \/>\n\u2022 Herman de Meulenaere (director 1975-2011)<br \/>\n\u2022 Jean Bingen (director 1963-2002)<br \/>\n\u2022 Pierre Gilbert (director 1958-1973)<br \/>\n\u2022 Marcelle Werbrouck (Secretary 1923-1947, director 1947-1958)<br \/>\n\u2022 Jean Capart (director 1923-1947)<\/p>\n<p><b> Bibliografy<br \/>\n<\/b><\/p>\n<p id=\"indent\">&#8211; Bruffaerts, J.-M. 2013. \u2018Bruxelles, capitale de l\u2019\u00e9gyptologie. Le r\u00eave de Jean Capart (1877\u20131947)\u2019. In S. Bickel, H.-W. Fischer-Elfert, A. Loprieno and S. Richter (eds), \u00c4gyptologen und \u00c4gyptologien zwischen Kaiserreich und Gr\u00fcndung der beiden deutschen Staaten: Reflexionen zur Geschichte und Episteme eines altertumswissenschaftlichen Fachs im 150. Jahr der Zeitschrift f\u00fcr \u00e4gyptische Sprache und Altertumskunde, Zeitschrift f\u00fcr \u00c4gyptische Sprache und Altertumskunde\u2013 Beihefte 1. Berlin: De Gruyter: 193\u2013241.<br \/>\n&#8211; De Meyer, M., Bruffaerts, J.-M., &amp; J. Vandersmissen. 2024. &#8216;The Fondation \u00c9gyptologique Reine \u00c9lisabeth in Belgium and the Creation of National and Transnational Egyptological Research Infrastructures in the 1920s\u20131940s&#8217;. In T.L. Gertzen &amp; O. Matthes (eds), Oriental Societies &amp; Societal Self-Assertion: Associations, Funds and Societies for the Archaeological Exploration of the \u2018Ancient Near East\u2019. Investigatio Orientis 10. M\u00fcnster: Zaphon, 141\u2013166.<br \/>\n&#8211; Van de Walle, B. 1974. \u2018Le cinquanti\u00e8me anniversaire de la Fondation \u00c9gyptologique Reine \u00c9lisabeth (1923\u20131973)\u2019. Bibliotheca Orientalis 31(3\u20136): 194\u2013197.<br \/>\n&#8211; Werbrouck, M. 1947. \u2018Jean Capart et la Fondation \u00c9gyptologique Reine \u00c9lisabeth\u2019. Chronique d\u2019\u00c9gypte 22(44): 192\u2013196.<\/p>\n","protected":false},"excerpt":{"rendered":"<p>The history of AERE The Association \u00c9gyptologique Reine \u00c9lisabeth (AERE), formerly the Fondation \u00c9gyptologique Reine \u00c9lisabeth, was officially established on 1 October 1923, on the initiative of Belgian Egyptologist Jean Capart (1877-1947). The main event leading to the formation of the Association was the visit of the Belgian Queen Elisabeth to Tutankhamun&#8217;s tomb earlier that&nbsp; <a href=\"https:\/\/aere-egke.be\/en\/about_us\/history-of-the-queen-elizabeth-egyptological-association-aere-egke\/\">&hellip; Read more <i class=\"glyphicon glyphicon-arrow-right\"><\/i><\/a><\/p>\n","protected":false},"author":3,"featured_media":0,"parent":2770,"menu_order":2,"comment_status":"closed","ping_status":"closed","template":"subpage.php","meta":{"_acf_changed":false,"footnotes":""},"class_list":["post-2791","page","type-page","status-publish","hentry"],"acf":[],"yoast_head":"<!-- This site is optimized with the Yoast SEO plugin v27.5 - https:\/\/yoast.com\/product\/yoast-seo-wordpress\/ -->\n<title>The history of AERE - AERE - EGKE<\/title>\n<meta name=\"description\" content=\"Discover the history of the Queen Elizabeth Egyptological Association, formerly known as the Queen Elizabeth Egyptological Foundation.\" \/>\n<meta name=\"robots\" content=\"index, follow, max-snippet:-1, max-image-preview:large, max-video-preview:-1\" \/>\n<link rel=\"canonical\" href=\"https:\/\/aere-egke.be\/en\/about_us\/history-of-the-queen-elizabeth-egyptological-association-aere-egke\/\" \/>\n<meta property=\"og:locale\" content=\"en_US\" \/>\n<meta property=\"og:type\" content=\"article\" \/>\n<meta property=\"og:title\" content=\"The history of AERE - AERE - EGKE\" \/>\n<meta property=\"og:description\" content=\"Discover the history of the Queen Elizabeth Egyptological Association, formerly known as the Queen Elizabeth Egyptological Foundation.\" \/>\n<meta property=\"og:url\" content=\"https:\/\/aere-egke.be\/en\/about_us\/history-of-the-queen-elizabeth-egyptological-association-aere-egke\/\" \/>\n<meta property=\"og:site_name\" content=\"AERE - EGKE\" \/>\n<meta property=\"article:modified_time\" content=\"2025-05-20T16:09:57+00:00\" \/>\n<meta name=\"twitter:card\" content=\"summary_large_image\" \/>\n<meta name=\"twitter:label1\" content=\"Est. reading time\" \/>\n\t<meta name=\"twitter:data1\" content=\"2 minutes\" \/>\n<script type=\"application\/ld+json\" class=\"yoast-schema-graph\">{\"@context\":\"https:\\\/\\\/schema.org\",\"@graph\":[{\"@type\":\"WebPage\",\"@id\":\"https:\\\/\\\/aere-egke.be\\\/en\\\/about_us\\\/history-of-the-queen-elizabeth-egyptological-association-aere-egke\\\/\",\"url\":\"https:\\\/\\\/aere-egke.be\\\/en\\\/about_us\\\/history-of-the-queen-elizabeth-egyptological-association-aere-egke\\\/\",\"name\":\"The history of AERE - AERE - EGKE\",\"isPartOf\":{\"@id\":\"https:\\\/\\\/aere-egke.be\\\/en\\\/#website\"},\"datePublished\":\"2017-09-11T12:48:08+00:00\",\"dateModified\":\"2025-05-20T16:09:57+00:00\",\"description\":\"Discover the history of the Queen Elizabeth Egyptological Association, formerly known as the Queen Elizabeth Egyptological Foundation.\",\"breadcrumb\":{\"@id\":\"https:\\\/\\\/aere-egke.be\\\/en\\\/about_us\\\/history-of-the-queen-elizabeth-egyptological-association-aere-egke\\\/#breadcrumb\"},\"inLanguage\":\"en-US\",\"potentialAction\":[{\"@type\":\"ReadAction\",\"target\":[\"https:\\\/\\\/aere-egke.be\\\/en\\\/about_us\\\/history-of-the-queen-elizabeth-egyptological-association-aere-egke\\\/\"]}]},{\"@type\":\"BreadcrumbList\",\"@id\":\"https:\\\/\\\/aere-egke.be\\\/en\\\/about_us\\\/history-of-the-queen-elizabeth-egyptological-association-aere-egke\\\/#breadcrumb\",\"itemListElement\":[{\"@type\":\"ListItem\",\"position\":1,\"name\":\"Accueil\",\"item\":\"https:\\\/\\\/aere-egke.be\\\/en\\\/\"},{\"@type\":\"ListItem\",\"position\":2,\"name\":\"About us\",\"item\":\"https:\\\/\\\/aere-egke.be\\\/en\\\/about_us\\\/\"},{\"@type\":\"ListItem\",\"position\":3,\"name\":\"The history of AERE\"}]},{\"@type\":\"WebSite\",\"@id\":\"https:\\\/\\\/aere-egke.be\\\/en\\\/#website\",\"url\":\"https:\\\/\\\/aere-egke.be\\\/en\\\/\",\"name\":\"AERE - EGKE\",\"description\":\"Promouvoir la recherche \u00e9gyptologique et papyrologique en Belgique.\",\"publisher\":{\"@id\":\"https:\\\/\\\/aere-egke.be\\\/en\\\/#organization\"},\"potentialAction\":[{\"@type\":\"SearchAction\",\"target\":{\"@type\":\"EntryPoint\",\"urlTemplate\":\"https:\\\/\\\/aere-egke.be\\\/en\\\/?s={search_term_string}\"},\"query-input\":{\"@type\":\"PropertyValueSpecification\",\"valueRequired\":true,\"valueName\":\"search_term_string\"}}],\"inLanguage\":\"en-US\"},{\"@type\":\"Organization\",\"@id\":\"https:\\\/\\\/aere-egke.be\\\/en\\\/#organization\",\"name\":\"Fonds Jean Capart\",\"url\":\"https:\\\/\\\/aere-egke.be\\\/en\\\/\",\"logo\":{\"@type\":\"ImageObject\",\"inLanguage\":\"en-US\",\"@id\":\"https:\\\/\\\/aere-egke.be\\\/en\\\/#\\\/schema\\\/logo\\\/image\\\/\",\"url\":\"https:\\\/\\\/seraphine.work\\\/wp-content\\\/uploads\\\/2017\\\/10\\\/logo_Fonds_JCapart-1.jpg\",\"contentUrl\":\"https:\\\/\\\/seraphine.work\\\/wp-content\\\/uploads\\\/2017\\\/10\\\/logo_Fonds_JCapart-1.jpg\",\"width\":1789,\"height\":456,\"caption\":\"Fonds Jean Capart\"},\"image\":{\"@id\":\"https:\\\/\\\/aere-egke.be\\\/en\\\/#\\\/schema\\\/logo\\\/image\\\/\"}}]}<\/script>\n<!-- \/ Yoast SEO plugin. -->","yoast_head_json":{"title":"The history of AERE - AERE - EGKE","description":"Discover the history of the Queen Elizabeth Egyptological Association, formerly known as the Queen Elizabeth Egyptological Foundation.","robots":{"index":"index","follow":"follow","max-snippet":"max-snippet:-1","max-image-preview":"max-image-preview:large","max-video-preview":"max-video-preview:-1"},"canonical":"https:\/\/aere-egke.be\/en\/about_us\/history-of-the-queen-elizabeth-egyptological-association-aere-egke\/","og_locale":"en_US","og_type":"article","og_title":"The history of AERE - AERE - EGKE","og_description":"Discover the history of the Queen Elizabeth Egyptological Association, formerly known as the Queen Elizabeth Egyptological Foundation.","og_url":"https:\/\/aere-egke.be\/en\/about_us\/history-of-the-queen-elizabeth-egyptological-association-aere-egke\/","og_site_name":"AERE - EGKE","article_modified_time":"2025-05-20T16:09:57+00:00","twitter_card":"summary_large_image","twitter_misc":{"Est. reading time":"2 minutes"},"schema":{"@context":"https:\/\/schema.org","@graph":[{"@type":"WebPage","@id":"https:\/\/aere-egke.be\/en\/about_us\/history-of-the-queen-elizabeth-egyptological-association-aere-egke\/","url":"https:\/\/aere-egke.be\/en\/about_us\/history-of-the-queen-elizabeth-egyptological-association-aere-egke\/","name":"The history of AERE - AERE - EGKE","isPartOf":{"@id":"https:\/\/aere-egke.be\/en\/#website"},"datePublished":"2017-09-11T12:48:08+00:00","dateModified":"2025-05-20T16:09:57+00:00","description":"Discover the history of the Queen Elizabeth Egyptological Association, formerly known as the Queen Elizabeth Egyptological Foundation.","breadcrumb":{"@id":"https:\/\/aere-egke.be\/en\/about_us\/history-of-the-queen-elizabeth-egyptological-association-aere-egke\/#breadcrumb"},"inLanguage":"en-US","potentialAction":[{"@type":"ReadAction","target":["https:\/\/aere-egke.be\/en\/about_us\/history-of-the-queen-elizabeth-egyptological-association-aere-egke\/"]}]},{"@type":"BreadcrumbList","@id":"https:\/\/aere-egke.be\/en\/about_us\/history-of-the-queen-elizabeth-egyptological-association-aere-egke\/#breadcrumb","itemListElement":[{"@type":"ListItem","position":1,"name":"Accueil","item":"https:\/\/aere-egke.be\/en\/"},{"@type":"ListItem","position":2,"name":"About us","item":"https:\/\/aere-egke.be\/en\/about_us\/"},{"@type":"ListItem","position":3,"name":"The history of AERE"}]},{"@type":"WebSite","@id":"https:\/\/aere-egke.be\/en\/#website","url":"https:\/\/aere-egke.be\/en\/","name":"AERE - EGKE","description":"Promouvoir la recherche \u00e9gyptologique et papyrologique en Belgique.","publisher":{"@id":"https:\/\/aere-egke.be\/en\/#organization"},"potentialAction":[{"@type":"SearchAction","target":{"@type":"EntryPoint","urlTemplate":"https:\/\/aere-egke.be\/en\/?s={search_term_string}"},"query-input":{"@type":"PropertyValueSpecification","valueRequired":true,"valueName":"search_term_string"}}],"inLanguage":"en-US"},{"@type":"Organization","@id":"https:\/\/aere-egke.be\/en\/#organization","name":"Fonds Jean Capart","url":"https:\/\/aere-egke.be\/en\/","logo":{"@type":"ImageObject","inLanguage":"en-US","@id":"https:\/\/aere-egke.be\/en\/#\/schema\/logo\/image\/","url":"https:\/\/seraphine.work\/wp-content\/uploads\/2017\/10\/logo_Fonds_JCapart-1.jpg","contentUrl":"https:\/\/seraphine.work\/wp-content\/uploads\/2017\/10\/logo_Fonds_JCapart-1.jpg","width":1789,"height":456,"caption":"Fonds Jean Capart"},"image":{"@id":"https:\/\/aere-egke.be\/en\/#\/schema\/logo\/image\/"}}]}},"_links":{"self":[{"href":"https:\/\/aere-egke.be\/en\/wp-json\/wp\/v2\/pages\/2791","targetHints":{"allow":["GET"]}}],"collection":[{"href":"https:\/\/aere-egke.be\/en\/wp-json\/wp\/v2\/pages"}],"about":[{"href":"https:\/\/aere-egke.be\/en\/wp-json\/wp\/v2\/types\/page"}],"author":[{"embeddable":true,"href":"https:\/\/aere-egke.be\/en\/wp-json\/wp\/v2\/users\/3"}],"replies":[{"embeddable":true,"href":"https:\/\/aere-egke.be\/en\/wp-json\/wp\/v2\/comments?post=2791"}],"version-history":[{"count":4,"href":"https:\/\/aere-egke.be\/en\/wp-json\/wp\/v2\/pages\/2791\/revisions"}],"predecessor-version":[{"id":2991,"href":"https:\/\/aere-egke.be\/en\/wp-json\/wp\/v2\/pages\/2791\/revisions\/2991"}],"up":[{"embeddable":true,"href":"https:\/\/aere-egke.be\/en\/wp-json\/wp\/v2\/pages\/2770"}],"wp:attachment":[{"href":"https:\/\/aere-egke.be\/en\/wp-json\/wp\/v2\/media?parent=2791"}],"curies":[{"name":"wp","href":"https:\/\/api.w.org\/{rel}","templated":true}]}}