{"id":2779,"date":"2017-09-11T14:46:42","date_gmt":"2017-09-11T12:46:42","guid":{"rendered":"https:\/\/aere-egke.be\/bibliography\/"},"modified":"2025-05-20T20:02:07","modified_gmt":"2025-05-20T18:02:07","slug":"bibliography-of-jean-capart","status":"publish","type":"page","link":"https:\/\/aere-egke.be\/en\/about_us\/bibliography-of-jean-capart\/","title":{"rendered":"BIBLIOGRAPHY of Jean Capart"},"content":{"rendered":"<ul>\n<li><strong><em>Recueil de monuments \u00e9gyptiens<\/em><\/strong>, 1<sup>st<\/sup> series, Brussels, 1902, 102 p., 50 pl.; 2<sup>nd<\/sup> series, Brussels, 1905, 118 p. and 50 pl.<\/li>\n<li><strong><em>Les Origines de l\u2019Art et l\u2019Art oriental. I. Les Origines de l\u2019art et l\u2019art \u00e9gyptien<\/em><\/strong><strong>,<\/strong> Brussels, 1903, 63 p.; 2<sup>nd<\/sup>, Brussels, undated, 48 p.; <strong><em>II.<\/em> <em>L\u2019Art oriental hors d\u2019Egypte<\/em><\/strong>, Brussels, 1904-1905, 72 p.<\/li>\n<li><strong><em>Les D\u00e9buts de l\u2019Art en Egypte<\/em><\/strong><em>,<\/em> Brussels, Vromant &amp; C<sup>ie<\/sup>, 1904, VIII-316 p., 191 pl. and illust.<\/li>\n<li><strong><em>Les antiquit\u00e9s \u00e9gyptiennes des Mus\u00e9es Royaux du Cinquantenaire<\/em><\/strong><strong>.<em> Guide descriptif<\/em><\/strong><em>,<\/em> Brussels, Vromant &amp; C<sup>ie<\/sup>, 1905, 150 p., illust. and plans.<\/li>\n<li><strong><em>Antiquit\u00e9s orientales, grecques et romaines<\/em><\/strong><em>.<\/em> Short guide, Brussels, 1905, 30 p.; 2<sup>nd<\/sup> revised and extended, Brussels, 1906, 63 p. In collaboration with Franz CUMONT and Jean DE MOT.<\/li>\n<li><strong><em>Primitive Art in Egypt. <\/em><\/strong><em>Translated from the revised and augmented original edition by A. S. Griffith<\/em>, London-Philadelphia, Grevel, 1905, XX-304 p., illust. and pl. Translated by A. S. GRIFFITH from the book <em>Les D\u00e9buts de l\u2019Art en Egypte<\/em>.<\/li>\n<li><strong><em>Chambre fun\u00e9raire de la VI<sup>e<\/sup> dynastie aux Mus\u00e9es Royaux du Cinquantenaire<\/em><\/strong>, Brussels, Vromant &amp; C<sup>ie<\/sup>, 1906, 26 p., 5 pl. and illust.<\/li>\n<li><strong><em>Une rue de tombeaux \u00e0 Saqqarah<\/em><\/strong><em>. <\/em><em> Text <\/em>(1 vol.) et II. <em>Plates <\/em>(2 vols.), Brussels, Vromant &amp; C<sup>ie<\/sup>, 1907, 3 vol.<\/li>\n<li><strong><em>L\u2019Art \u00e9gyptien<\/em><\/strong><em>. <\/em>1<sup>st<\/sup> series<em>,<\/em> Brussels, Vromant &amp; C<sup>ie<\/sup>, 1908.<\/li>\n<li><strong><em>L\u2019Art \u00e9gyptien. Choix de documents accompagn\u00e9s d\u2019indications bibliographiques<\/em><\/strong>, 1<sup>st<\/sup> series, Brussels-Paris, Vromant &amp; C<sup>ie<\/sup>, 1909, 31 p., 100 pl.; 2<sup>nd<\/sup> series, Brussels-Paris, Vromant &amp; C<sup>ie<\/sup>, 1911, 35 p., 100 pl.<\/li>\n<li><strong><em>Mus\u00e9es Royaux du Cinquantenaire. Notice sommaire de la section des antiquit\u00e9s orientales, grecques et romaines<\/em><\/strong><em>,<\/em> Brussels, 1909, 40 p. In collaboration with Franz CUMONT and Jean DE MOT.<\/li>\n<li><strong><em>Une donation d\u2019antiquit\u00e9s \u00e9gyptiennes aux Mus\u00e9es Royaux de Bruxelles<\/em><\/strong>, Brussels, Vromant &amp; C<sup>ie<\/sup>, 1911, 51 p., 2 pl.<\/li>\n<li><strong> <em>Le Temple de S\u00e9ti I<sup>er<\/sup>. Etude g\u00e9n\u00e9rale<\/em><\/strong>, Brussels, Rossignol &amp; Van den Bril, 1912, 39 p., 50 pl., illust., 1 plan; new edition: Saint-Laurent-le-Minier, Ed. Decoopman, 2015, 155 p. Preface by Jean-Michel BRUFFAERTS.<\/li>\n<li><strong><em>Un roman v\u00e9cu il y a vingt-cinq si\u00e8cles. Histoire des relations d\u2019une famille sacerdotale \u00e9gyptienne avec les pr\u00eatres du Temple de Teuzoi depuis l\u2019an IV du r\u00e8gne de Psam\u00e9tique I<sup>er<\/sup> jusqu\u2019\u00e0 l\u2019an IX du r\u00e8gne de Darius (VII<sup>e<\/sup> et VI<sup>e<\/sup> si\u00e8cles av. J.-C.) par P\u00e9t\u00e9isis fils d\u2019Essemteu.<\/em><\/strong><em> Adapted by Jean Capart,<\/em> Brussels, 1914, 91 p.; 2<sup>nd<\/sup> extended ed., Brussels, Vromant, 1941, 164 p., illust.<\/li>\n<li><strong><em>Mus\u00e9es Royaux du Cinquantenaire. Notice sommaire. Antiquit\u00e9s. (F\u00e9vrier 1914)<\/em><\/strong>, Brussels, 1914, 12 p.<\/li>\n<li><strong><em>Le\u00e7ons sur l\u2019Art \u00e9gyptien<\/em><\/strong>, Li\u00e8ge, printed by H. Vaillant-Carmanne, 1920, XIV-551 p.<\/li>\n<li><strong><em>L\u2019Art \u00e9gyptien. I. L&#8217;architecture. <\/em><\/strong><strong><em>Choix de documents accompagn\u00e9s d\u2019indications bibliographiques<\/em><\/strong>, Vromant &amp; C\u00b0, 1922, VI-50 p., 200 pl.; <em>L\u2019Art \u00e9gyptien. <\/em><em>Deuxi\u00e8me partie. Choix de documents accompagn\u00e9s d\u2019indications bibliographiques. II. La statuaire, <\/em>Brussels, Vromant, 1942, 45 p., pl. 201-400;<em> Les arts graphiques,<\/em> Brussels, Vromant, 1942, 45 p., pl. 401-600; <em>IV: Les arts mineurs,<\/em> Brussels, Vromant, 1947, 49 p., pl. 601-800.<\/li>\n<li><strong><em>Egyptian Art. Introductory Studies<\/em><\/strong>, London, G. Allen &amp; Unwin, 1923, 179 p., 64 pl. English translation by Warren R. DAWSON.<\/li>\n<li><strong><em>Tout-Ankh-Amon<\/em><\/strong>, 1<sup>st<\/sup>, Brussels, Vromant &amp; C<sup>ie<\/sup>, 1923, 121 p., 12 pl.; 2<sup>nd<\/sup> ed. revised and extended, Brussels, Vromant, 1943, front., 211 p., 78 illust.; 3<sup>rd<\/sup> ed. (posthumous), Brussels, Vromant, 1950, VIII-222 p., illust. In collaboration (for the 2<sup>nd<\/sup> and 3<sup>rd<\/sup> editions) with Marcelle WERBROUCK, El\u00e9onore BILLE-DE MOT, Jeanne M. TAUPIN and Pierre GILBERT.<\/li>\n<li><strong><em>The Tomb of Tutankhamen<\/em><\/strong><em>, <\/em>London, George Allen &amp; Unwin L<sup>td<\/sup>, 1923, 94 p., 16 pl. English translation of <em>Tout-Ankh-Amon<\/em> by Warren R. Dawson.<\/li>\n<li><strong><em>Tut-anch-Amon<\/em><\/strong><em>,<\/em> Copenhagen, P. Haase, 1923, 78 p., 12 ill. Danish translation of <em>Tout-Ankh-Amon<\/em> by Elise Koppel.<\/li>\n<li><strong><em>Tut-anch-Amon, benevens drie brieven uit Luxor van Marcelle Werbrouck<\/em><\/strong>, Amsterdam, Van Munster\u2019s Uitgevers Maatschappij, 1924, 147 p., 16 pl. Dutch translation of <em>Tout-Ankh-Amon<\/em> by Henri Asselberghs; 2<sup>nd<\/sup>, Brussel-Den Haag, A. Manteau-H. P. Leopold\u2019s Uitg., 1944, 232 p., 78 illust. In collaboration (for the 2<sup>nd<\/sup> ed.) with Marcelle WERBROUCK, El\u00e9onore Bille-De Mot, Jeanne M. Taupin and Pierre Gilbert. Dutch translation of <em>Tout-Ankh-Amon<\/em> by B. Lindekens.<\/li>\n<li><strong><em>L\u2019Art \u00e9gyptien. Etudes et Histoire. I. L\u2019Ancien et le Moyen Empire<\/em><\/strong>, Brussels, Vromant &amp; C<sup>ie<\/sup>, 1924, 323 p. New edition of <em>Le\u00e7ons sur l\u2019Art \u00e9gyptien<\/em>.<\/li>\n<li><strong><em>Th\u00e8bes. La Gloire d\u2019un Grand Pass\u00e9<\/em><\/strong><em>,<\/em> Brussels, Vromant &amp; C<sup>ie<\/sup> \/ FERE, 1925, 363 p., 259 illust. In collaboration with Marcelle WERBROUCK.<\/li>\n<li><strong><em> The Glory of a Great Past<\/em><\/strong><em>,<\/em> London, Allen &amp; Unwin Ltd \/ FERE, 1926, 362 p., 259 illust. In collaboration with Marcelle WERBROUCK.<\/li>\n<li><strong><em> The Glory of a Great Past<\/em><\/strong><em>,<\/em> New York, Lincoln Mac Veagh \/ FERE, 1926, 362 p., 259 illust. In collaboration with Marcelle WERBROUCK.<\/li>\n<li><strong><em>Documents pour servir \u00e0 l\u2019\u00e9tude de l\u2019Art \u00e9gyptien<\/em><\/strong>, I, Paris, P\u00e9gase, 1927, XVI-90 p., 100 pl.; II, Paris, P\u00e9gase, 1931, XII-114 p., 100 pl.<\/li>\n<li><strong><em>Mus\u00e9es Royaux du Cinquantenaire Bruxelles. Guide du Visiteur. Egypte<\/em><\/strong>, Brussels, Vromant, 1928, 78 p.<\/li>\n<li><strong><em>Lectures on Egyptian Art<\/em><\/strong>, Chapel Hill, The University of North Carolina Press, 1928, XXXII-290 p., 188 illust. American translation of <em>Le\u00e7ons sur l\u2019Art \u00e9gyptien<\/em>.<\/li>\n<li><strong><em> A l\u2019Ombre des Pyramides<\/em><\/strong><em>,<\/em> Bruxelles, Vromant &amp; C<sup>ie<\/sup> \/ FERE, 1930, XVIII-415 p., 397 illust. In collaboration with Marcelle Werbrouck.<\/li>\n<li><strong><em>Propos sur l\u2019Art \u00e9gyptien<\/em><\/strong><em>,<\/em> <u>in:<\/u> <em>Annales de la Soci\u00e9t\u00e9 Royale d\u2019Arch\u00e9ologie de Bruxelles<\/em>, XXXIV, 1930, VII-307 p., illust.; new edition: Brussels, FERE, 1931, XVI-308 p., 188 illust.<\/li>\n<li><strong><em>Le Temple des Muses<\/em><\/strong><em>,<\/em> 1<sup>st<\/sup>, Brussels, RMAH, 1932, 128 p.; 2<sup>nd<\/sup> ed. revised and extended, Brussels, RMAH, 1936, 180 p., illust.<\/li>\n<li><strong><em>L\u2019Art Egyptien<\/em><\/strong><em>, <\/em>in: DESHAIRS L\u00e9on (dir.), <em>L\u2019Art des origines \u00e0 nos jours, <\/em>II, Paris, Larousse, 1932, p. 7-27, ??illust. 1 pl., 57 illust.<\/li>\n<li><strong><em>L\u2019Usurpation des Monuments dans l\u2019Antiquit\u00e9 Egyptienne<\/em><\/strong><em>,<\/em> in: <em>M\u00e9langes de philologie orientale <\/em>published to mark the 10th anniversary of the foundation of the Institut Sup\u00e9rieur d\u2019Histoire et de Litt\u00e9ratures Orientales at the University of Liege, Liege, 1932, p. 57-60.<\/li>\n<li><strong><em>Le naos du d\u00e9cret de Rosette<\/em><\/strong><em>,<\/em> in: <em>Studies presented to F. Ll. Griffith<\/em>, London, 1932, p. 277-278, pl. 34. Re-print.<\/li>\n<li><strong><em>L\u2019Egypte des Pharaons<\/em><\/strong><em>,<\/em> in:<em> Histoire de l\u2019Orient ancien,<\/em> 1<sup>st<\/sup>, Paris, Hachette, 1936, p. 5-145; 2<sup>nd<\/sup> ed. revised and corrected, Paris, Hachette, 1943, p. 5-145 (Coll. L\u2019Histoire racont\u00e9e \u00e0 tous). In collaboration with Georges CONTENAU.<\/li>\n<li><strong><em> Une histoire de souris au temps des pharaons<\/em><\/strong>, Brussels-Paris, Office de Publicit\u00e9 &#8211; J. De Gigord, 1937, 185 p.,\u00a0illust.; new edition (published posthumously): Jandrain-Jandrenouille, Presses de l\u2019Atelier de la Tannerie, 1978, 185 p.,\u00a0illust.<\/li>\n<li><strong><em>Le Collectionneur<\/em><\/strong><em>,<\/em> Liege, Georges Thone, 1938, 21 p.<\/li>\n<li><strong><em>Le statut des agents de l\u2019Etat<\/em><\/strong><em>,<\/em> Brussels, Larcier, 1938, 148 p.<\/li>\n<li><strong><em>Fouilles d\u2019El Kab. Fondation Egyptologique Reine Elisabeth<\/em><\/strong><em>.<\/em> Catalogue of the exhibition organised for the International Congress of Orientalists in Brussels, Brussels, 1938, 4 p.<\/li>\n<li><strong><em>Le Papyrus L\u00e9opold II aux Mus\u00e9es Royaux d\u2019Art et d\u2019Histoire de Bruxelles et le Papyrus Amherst \u00e0 la Pierpont Morgan Library de New York<\/em><\/strong><em>,<\/em> Brussels, RMAH heritage, 1939, 12 p., 4 pl. In collaboration with Alan H. GARDINER.<\/li>\n<li><strong><em> Een muizenhistorie ten tijde der Pharaos<\/em><\/strong><em>.<\/em> Ghent, G. De Graeve, 1940, 132 p., illust. Dutch translation of <em>Makit. Une histoire de souris au temps des Pharaons<\/em> by M. DE PRAETERE.<\/li>\n<li><strong><em>Fouilles de El Kab. Documents. Livraison I<\/em><\/strong><em>, <\/em>Brussels, FERE, 1940, 48 p., 20 pl. In collaboration:<em> <strong>Livraison II<\/strong><\/em>, Brussels, FERE, 1940, 32 p., 20 pl. In collaboration:<em> <strong>Livraison III<\/strong>,<\/em> Brussels, FERE, 1954, 39 p., 8 pl., map. In collaboration. Posthumous publication.<\/li>\n<li><strong><em>Visions de l\u2019Egypte ancienne. Six causeries radiophoniques<\/em><\/strong><em>,<\/em> Brussels, FERE, 1940, 79 p.<\/li>\n<li><strong><em>Hori, gamin de la Vieille Egypte<\/em><\/strong><em>,<\/em> Brussels, Office de Publicit\u00e9, [1940], 104 p., 8 illust.<\/li>\n<li><strong><em>La Beaut\u00e9 \u00e9gyptienne. Anthologie<\/em><\/strong>, 1<sup>st<\/sup>, Brussels, Office de Publicit\u00e9, 1941, 82 p., 1 illust.; 2<sup>nd<\/sup> ed., Brussels, Office de Publicit\u00e9, 1942, 82 p., 1 illust.; 3<sup>rd <\/sup>ed. (posthumous), Brussels, Office de Publicit\u00e9, 1949, 82 p., 1 illust. (Collection Leb\u00e8gue, n\u00b0 10).<\/li>\n<li><strong><em>Le Message de la Vieille Egypte<\/em><\/strong><em>,<\/em> 1<sup>st<\/sup>, Brussels, Office de Publicit\u00e9, 1941, 84 p., 1 illust.; 2<sup>nd<\/sup> ed., Brussels, Office de Publicit\u00e9, 1942, 84 p., 1 illust.; 3<sup>rd<\/sup> ed., Brussels, Office de Publicit\u00e9, 1945, 78 p., 1 illust. (Collection Leb\u00e8gue, n\u00b0 1).<\/li>\n<li><strong><em>La conception moderne des mus\u00e9es<\/em><\/strong><em>, <\/em>Paris, Office International des Mus\u00e9es, 1941, 93 p. In collaboration with J. LAMEENE.<\/li>\n<li><strong><em>Hori jongetje uit het Oude Egypte<\/em><\/strong>, Ghent, Snoeck-Ducaju, 1942, 128 p., illust. Dutch translation by TRALBAUT, illustrated by F. HELBIG.<\/li>\n<li><strong><em>Le paysage et les sc\u00e8nes de genre dans l\u2019Art \u00e9gyptien<\/em><\/strong><em>,<\/em> Brussels, Heritage of the Belgian Royal Museums of Fine Arts, 1942, 48 p., 56 illust. (Coll. Royal Fine Arts Museums of Belgium. Conferences. 1940-1941).<\/li>\n<li><strong><em>L\u2019Art \u00e9gyptien. Deuxi\u00e8me partie. Choix de documents accompagn\u00e9s d\u2019indications bibliographiques. II. La statuaire<\/em><\/strong><em>, <\/em>Brussels, Vromant, 1942, 45 p., pl. 201-400;<em> <strong> Les arts graphiques<\/strong>,<\/em> Brussels, Vromant, 1942, 45 p., pl. 401-600; <strong><em>IV. Les arts mineurs<\/em><\/strong><em>,<\/em> Brussels, Vromant, 1947, 49 p., pl. 601-800.<\/li>\n<li><strong><em>Schoonheidsschatten uit Oud Egypte<\/em><\/strong><em>. <\/em>Diest, Pro Arte, 1942, 16 p., 32 illust. Translated into Dutch by M. TRALBAU.<\/li>\n<li><strong><em>L\u2019Am\u00e9rique telle qu\u2019on la d\u00e9peint et telle qu\u2019elle est<\/em><\/strong>, Brussels, De Visscher, 1945, 48 p., 2 pl.<\/li>\n<li><strong><em>L\u2019Antiquit\u00e9 proche-orientale. Biblioth\u00e8que de l\u2019Honn\u00eate Homme<\/em><\/strong><em>,<\/em> Brussels, Goemaere, 1945.<\/li>\n<li><strong><em>Que lire ? Anthologie d\u2019appr\u00e9ciations sur les meilleurs livres des litt\u00e9ratures anciennes et modernes<\/em><\/strong><em>,<\/em> Brussels-Paris, Vromant, 1945, XXX-739 p.<\/li>\n<li><strong><em>Je lis les hi\u00e9roglyphes<\/em><\/strong><em>,<\/em> 1<sup>st<\/sup>, Brussels, Office de Publicit\u00e9, 1946, 107 p., 1 pl.; 2<sup>nd<\/sup> ed. (posthumous), Brussels, Office de Publicit\u00e9, 1960, 107 p., 1 pl.; 3<sup>rd<\/sup> ed. (posthumous), Brussels, Office de Publicit\u00e9, 1965, 107 p., 1 pl.; 4<sup>th<\/sup> ed. (posthumous), Brussels, Office de Publicit\u00e9, 1968, 107 p., 1 pl. (Collection Leb\u00e8gue, 7<sup>e<\/sup> s\u00e9rie, n\u00b0 74); new edition (posthumous): Paris, Trism\u00e9giste, 1982, 107 p., 1 pl.<\/li>\n<li><strong><em>Fouilles en Egypte.<\/em><\/strong><strong> <em>El Kab. Impressions et souvenirs<\/em><\/strong>, Brussels, FERE, 1946, 180 p., illust., 1 map.<\/li>\n<li><strong><em>Quelques observations sur la d\u00e9esse d\u2019El-Kab<\/em><\/strong><em>, <\/em>Brussels, FERE, 1946, 15 p.<\/li>\n<li><strong><em>Pour faire aimer l\u2019art \u00e9gyptien<\/em><\/strong><em>,<\/em> Brussels, FERE, 1949, 78 p., 80 illust. Published posthumously.<\/li>\n<li><strong><em>Causeries sur l\u2019art \u00e9gyptien<\/em><\/strong><em>,<\/em> Bruxelles, FERE, 1958, VIII-89 p., 73 illust. Published posthumously.<\/li>\n<\/ul>\n","protected":false},"excerpt":{"rendered":"<p>Recueil de monuments \u00e9gyptiens, 1st series, Brussels, 1902, 102 p., 50 pl.; 2nd series, Brussels, 1905, 118 p. and 50 pl. Les Origines de l\u2019Art et l\u2019Art oriental. I. Les Origines de l\u2019art et l\u2019art \u00e9gyptien, Brussels, 1903, 63 p.; 2nd, Brussels, undated, 48 p.; II. L\u2019Art oriental hors d\u2019Egypte, Brussels, 1904-1905, 72 p. Les&nbsp; <a href=\"https:\/\/aere-egke.be\/en\/about_us\/bibliography-of-jean-capart\/\">&hellip; Read more <i class=\"glyphicon glyphicon-arrow-right\"><\/i><\/a><\/p>\n","protected":false},"author":3,"featured_media":0,"parent":2770,"menu_order":5,"comment_status":"closed","ping_status":"closed","template":"subpage.php","meta":{"_acf_changed":false,"footnotes":""},"class_list":["post-2779","page","type-page","status-publish","hentry"],"acf":[],"yoast_head":"<!-- This site is optimized with the Yoast SEO plugin v27.5 - https:\/\/yoast.com\/product\/yoast-seo-wordpress\/ -->\n<title>BIBLIOGRAPHY of Jean Capart - AERE - EGKE<\/title>\n<meta name=\"description\" content=\"Explore Jean Capart\u2019s works, essential references. A selection of his most significant publications for understanding Belgian Egyptology.\" \/>\n<meta name=\"robots\" content=\"index, follow, max-snippet:-1, max-image-preview:large, max-video-preview:-1\" \/>\n<link rel=\"canonical\" href=\"https:\/\/aere-egke.be\/en\/about_us\/bibliography-of-jean-capart\/\" \/>\n<meta property=\"og:locale\" content=\"en_US\" \/>\n<meta property=\"og:type\" content=\"article\" \/>\n<meta property=\"og:title\" content=\"BIBLIOGRAPHY of Jean Capart - AERE - EGKE\" \/>\n<meta property=\"og:description\" content=\"Explore Jean Capart\u2019s works, essential references. A selection of his most significant publications for understanding Belgian Egyptology.\" \/>\n<meta property=\"og:url\" content=\"https:\/\/aere-egke.be\/en\/about_us\/bibliography-of-jean-capart\/\" \/>\n<meta property=\"og:site_name\" content=\"AERE - EGKE\" \/>\n<meta property=\"article:modified_time\" content=\"2025-05-20T18:02:07+00:00\" \/>\n<meta name=\"twitter:card\" content=\"summary_large_image\" \/>\n<meta name=\"twitter:label1\" content=\"Est. reading time\" \/>\n\t<meta name=\"twitter:data1\" content=\"9 minutes\" \/>\n<script type=\"application\/ld+json\" class=\"yoast-schema-graph\">{\"@context\":\"https:\\\/\\\/schema.org\",\"@graph\":[{\"@type\":\"WebPage\",\"@id\":\"https:\\\/\\\/aere-egke.be\\\/en\\\/about_us\\\/bibliography-of-jean-capart\\\/\",\"url\":\"https:\\\/\\\/aere-egke.be\\\/en\\\/about_us\\\/bibliography-of-jean-capart\\\/\",\"name\":\"BIBLIOGRAPHY of Jean Capart - AERE - EGKE\",\"isPartOf\":{\"@id\":\"https:\\\/\\\/aere-egke.be\\\/en\\\/#website\"},\"datePublished\":\"2017-09-11T12:46:42+00:00\",\"dateModified\":\"2025-05-20T18:02:07+00:00\",\"description\":\"Explore Jean Capart\u2019s works, essential references. A selection of his most significant publications for understanding Belgian Egyptology.\",\"breadcrumb\":{\"@id\":\"https:\\\/\\\/aere-egke.be\\\/en\\\/about_us\\\/bibliography-of-jean-capart\\\/#breadcrumb\"},\"inLanguage\":\"en-US\",\"potentialAction\":[{\"@type\":\"ReadAction\",\"target\":[\"https:\\\/\\\/aere-egke.be\\\/en\\\/about_us\\\/bibliography-of-jean-capart\\\/\"]}]},{\"@type\":\"BreadcrumbList\",\"@id\":\"https:\\\/\\\/aere-egke.be\\\/en\\\/about_us\\\/bibliography-of-jean-capart\\\/#breadcrumb\",\"itemListElement\":[{\"@type\":\"ListItem\",\"position\":1,\"name\":\"Accueil\",\"item\":\"https:\\\/\\\/aere-egke.be\\\/en\\\/\"},{\"@type\":\"ListItem\",\"position\":2,\"name\":\"About us\",\"item\":\"https:\\\/\\\/aere-egke.be\\\/en\\\/about_us\\\/\"},{\"@type\":\"ListItem\",\"position\":3,\"name\":\"BIBLIOGRAPHY of Jean Capart\"}]},{\"@type\":\"WebSite\",\"@id\":\"https:\\\/\\\/aere-egke.be\\\/en\\\/#website\",\"url\":\"https:\\\/\\\/aere-egke.be\\\/en\\\/\",\"name\":\"AERE - EGKE\",\"description\":\"Promouvoir la recherche \u00e9gyptologique et papyrologique en Belgique.\",\"publisher\":{\"@id\":\"https:\\\/\\\/aere-egke.be\\\/en\\\/#organization\"},\"potentialAction\":[{\"@type\":\"SearchAction\",\"target\":{\"@type\":\"EntryPoint\",\"urlTemplate\":\"https:\\\/\\\/aere-egke.be\\\/en\\\/?s={search_term_string}\"},\"query-input\":{\"@type\":\"PropertyValueSpecification\",\"valueRequired\":true,\"valueName\":\"search_term_string\"}}],\"inLanguage\":\"en-US\"},{\"@type\":\"Organization\",\"@id\":\"https:\\\/\\\/aere-egke.be\\\/en\\\/#organization\",\"name\":\"Fonds Jean Capart\",\"url\":\"https:\\\/\\\/aere-egke.be\\\/en\\\/\",\"logo\":{\"@type\":\"ImageObject\",\"inLanguage\":\"en-US\",\"@id\":\"https:\\\/\\\/aere-egke.be\\\/en\\\/#\\\/schema\\\/logo\\\/image\\\/\",\"url\":\"https:\\\/\\\/seraphine.work\\\/wp-content\\\/uploads\\\/2017\\\/10\\\/logo_Fonds_JCapart-1.jpg\",\"contentUrl\":\"https:\\\/\\\/seraphine.work\\\/wp-content\\\/uploads\\\/2017\\\/10\\\/logo_Fonds_JCapart-1.jpg\",\"width\":1789,\"height\":456,\"caption\":\"Fonds Jean Capart\"},\"image\":{\"@id\":\"https:\\\/\\\/aere-egke.be\\\/en\\\/#\\\/schema\\\/logo\\\/image\\\/\"}}]}<\/script>\n<!-- \/ Yoast SEO plugin. -->","yoast_head_json":{"title":"BIBLIOGRAPHY of Jean Capart - AERE - EGKE","description":"Explore Jean Capart\u2019s works, essential references. A selection of his most significant publications for understanding Belgian Egyptology.","robots":{"index":"index","follow":"follow","max-snippet":"max-snippet:-1","max-image-preview":"max-image-preview:large","max-video-preview":"max-video-preview:-1"},"canonical":"https:\/\/aere-egke.be\/en\/about_us\/bibliography-of-jean-capart\/","og_locale":"en_US","og_type":"article","og_title":"BIBLIOGRAPHY of Jean Capart - AERE - EGKE","og_description":"Explore Jean Capart\u2019s works, essential references. A selection of his most significant publications for understanding Belgian Egyptology.","og_url":"https:\/\/aere-egke.be\/en\/about_us\/bibliography-of-jean-capart\/","og_site_name":"AERE - EGKE","article_modified_time":"2025-05-20T18:02:07+00:00","twitter_card":"summary_large_image","twitter_misc":{"Est. reading time":"9 minutes"},"schema":{"@context":"https:\/\/schema.org","@graph":[{"@type":"WebPage","@id":"https:\/\/aere-egke.be\/en\/about_us\/bibliography-of-jean-capart\/","url":"https:\/\/aere-egke.be\/en\/about_us\/bibliography-of-jean-capart\/","name":"BIBLIOGRAPHY of Jean Capart - AERE - EGKE","isPartOf":{"@id":"https:\/\/aere-egke.be\/en\/#website"},"datePublished":"2017-09-11T12:46:42+00:00","dateModified":"2025-05-20T18:02:07+00:00","description":"Explore Jean Capart\u2019s works, essential references. A selection of his most significant publications for understanding Belgian Egyptology.","breadcrumb":{"@id":"https:\/\/aere-egke.be\/en\/about_us\/bibliography-of-jean-capart\/#breadcrumb"},"inLanguage":"en-US","potentialAction":[{"@type":"ReadAction","target":["https:\/\/aere-egke.be\/en\/about_us\/bibliography-of-jean-capart\/"]}]},{"@type":"BreadcrumbList","@id":"https:\/\/aere-egke.be\/en\/about_us\/bibliography-of-jean-capart\/#breadcrumb","itemListElement":[{"@type":"ListItem","position":1,"name":"Accueil","item":"https:\/\/aere-egke.be\/en\/"},{"@type":"ListItem","position":2,"name":"About us","item":"https:\/\/aere-egke.be\/en\/about_us\/"},{"@type":"ListItem","position":3,"name":"BIBLIOGRAPHY of Jean Capart"}]},{"@type":"WebSite","@id":"https:\/\/aere-egke.be\/en\/#website","url":"https:\/\/aere-egke.be\/en\/","name":"AERE - EGKE","description":"Promouvoir la recherche \u00e9gyptologique et papyrologique en Belgique.","publisher":{"@id":"https:\/\/aere-egke.be\/en\/#organization"},"potentialAction":[{"@type":"SearchAction","target":{"@type":"EntryPoint","urlTemplate":"https:\/\/aere-egke.be\/en\/?s={search_term_string}"},"query-input":{"@type":"PropertyValueSpecification","valueRequired":true,"valueName":"search_term_string"}}],"inLanguage":"en-US"},{"@type":"Organization","@id":"https:\/\/aere-egke.be\/en\/#organization","name":"Fonds Jean Capart","url":"https:\/\/aere-egke.be\/en\/","logo":{"@type":"ImageObject","inLanguage":"en-US","@id":"https:\/\/aere-egke.be\/en\/#\/schema\/logo\/image\/","url":"https:\/\/seraphine.work\/wp-content\/uploads\/2017\/10\/logo_Fonds_JCapart-1.jpg","contentUrl":"https:\/\/seraphine.work\/wp-content\/uploads\/2017\/10\/logo_Fonds_JCapart-1.jpg","width":1789,"height":456,"caption":"Fonds Jean Capart"},"image":{"@id":"https:\/\/aere-egke.be\/en\/#\/schema\/logo\/image\/"}}]}},"_links":{"self":[{"href":"https:\/\/aere-egke.be\/en\/wp-json\/wp\/v2\/pages\/2779","targetHints":{"allow":["GET"]}}],"collection":[{"href":"https:\/\/aere-egke.be\/en\/wp-json\/wp\/v2\/pages"}],"about":[{"href":"https:\/\/aere-egke.be\/en\/wp-json\/wp\/v2\/types\/page"}],"author":[{"embeddable":true,"href":"https:\/\/aere-egke.be\/en\/wp-json\/wp\/v2\/users\/3"}],"replies":[{"embeddable":true,"href":"https:\/\/aere-egke.be\/en\/wp-json\/wp\/v2\/comments?post=2779"}],"version-history":[{"count":2,"href":"https:\/\/aere-egke.be\/en\/wp-json\/wp\/v2\/pages\/2779\/revisions"}],"predecessor-version":[{"id":2996,"href":"https:\/\/aere-egke.be\/en\/wp-json\/wp\/v2\/pages\/2779\/revisions\/2996"}],"up":[{"embeddable":true,"href":"https:\/\/aere-egke.be\/en\/wp-json\/wp\/v2\/pages\/2770"}],"wp:attachment":[{"href":"https:\/\/aere-egke.be\/en\/wp-json\/wp\/v2\/media?parent=2779"}],"curies":[{"name":"wp","href":"https:\/\/api.w.org\/{rel}","templated":true}]}}